{"id":52,"date":"2019-02-04T17:10:37","date_gmt":"2019-02-04T16:10:37","guid":{"rendered":"https:\/\/sgti.ch.volta.ch-meta.net\/site\/?page_id=52"},"modified":"2025-06-24T12:01:14","modified_gmt":"2025-06-24T10:01:14","slug":"verein","status":"publish","type":"page","link":"https:\/\/sgti.ch\/site\/verein\/","title":{"rendered":"Verein"},"content":{"rendered":"\n<style type=\"text\/css\" data-created_by=\"avia_inline_auto\" id=\"style-css-av-owp6-c436075443b4ce52aa897ee2969a5b7a\">\n.flex_column.av-owp6-c436075443b4ce52aa897ee2969a5b7a{\nborder-radius:0px 0px 0px 0px;\npadding:0px 0px 0px 0px;\n}\n<\/style>\n<div  class='flex_column av-owp6-c436075443b4ce52aa897ee2969a5b7a av_one_third  avia-builder-el-0  el_before_av_two_third  avia-builder-el-first  first flex_column_div av-zero-column-padding  '     ><\/div>\n\n<style type=\"text\/css\" data-created_by=\"avia_inline_auto\" id=\"style-css-av-mtfq-7a083886d439bacda8ec37b3815eebc1\">\n.flex_column.av-mtfq-7a083886d439bacda8ec37b3815eebc1{\nborder-radius:0px 0px 0px 0px;\npadding:0px 0px 0px 0px;\n}\n<\/style>\n<div  class='flex_column av-mtfq-7a083886d439bacda8ec37b3815eebc1 av_two_third  avia-builder-el-1  el_after_av_one_third  el_before_av_one_third  flex_column_div av-zero-column-padding  '     ><section  class='av_textblock_section av-jrrzzdq5-aaf55182cdd1397bfddb33f7219dcc11 '   itemscope=\"itemscope\" itemtype=\"https:\/\/schema.org\/CreativeWork\" ><div class='avia_textblock'  itemprop=\"text\" ><h2><strong>SGTI \u2013 Schweizerische Gesellschaft<\/strong><br \/>\n<strong> f\u00fcr Technikgeschichte\u00a0und Industriekultur<\/strong><\/h2>\n<\/div><\/section><\/div>\n\n<style type=\"text\/css\" data-created_by=\"avia_inline_auto\" id=\"style-css-av-j8go-3a5744c05940cd354ecc0ba2f651c2d7\">\n.flex_column.av-j8go-3a5744c05940cd354ecc0ba2f651c2d7{\nborder-radius:0px 0px 0px 0px;\npadding:0px 0px 0px 0px;\n}\n<\/style>\n<div  class='flex_column av-j8go-3a5744c05940cd354ecc0ba2f651c2d7 av_one_third  avia-builder-el-3  el_after_av_two_third  el_before_av_two_third  first flex_column_div  column-top-margin'     ><style type=\"text\/css\" data-created_by=\"avia_inline_auto\" id=\"style-css-av-jx0k2rs8-2828d22c46e4542222652efe5bbb8b06\">\n.avia-image-container.av-jx0k2rs8-2828d22c46e4542222652efe5bbb8b06 img.avia_image{\nbox-shadow:none;\n}\n.avia-image-container.av-jx0k2rs8-2828d22c46e4542222652efe5bbb8b06 .av-image-caption-overlay-center{\ncolor:#ffffff;\n}\n<\/style>\n<div  class='avia-image-container av-jx0k2rs8-2828d22c46e4542222652efe5bbb8b06 av-styling- av-hover-grow av-hide-overflow avia-align-left  avia-builder-el-4  avia-builder-el-no-sibling '   itemprop=\"image\" itemscope=\"itemscope\" itemtype=\"https:\/\/schema.org\/ImageObject\" ><div class=\"avia-image-container-inner\"><div class=\"avia-image-overlay-wrap\"><img decoding=\"async\" fetchpriority=\"high\" class='wp-image-1807 avia-img-lazy-loading-not-1807 avia_image ' src=\"https:\/\/sgti.ch\/site\/wp-content\/uploads\/2023\/01\/SIK_04-GR-2008-110_be-300x300.jpg\" alt='' title='SIK_04-GR-2008-110_be'  height=\"300\" width=\"300\"  itemprop=\"thumbnailUrl\" srcset=\"https:\/\/sgti.ch\/site\/wp-content\/uploads\/2023\/01\/SIK_04-GR-2008-110_be-300x300.jpg 300w, https:\/\/sgti.ch\/site\/wp-content\/uploads\/2023\/01\/SIK_04-GR-2008-110_be-80x80.jpg 80w, https:\/\/sgti.ch\/site\/wp-content\/uploads\/2023\/01\/SIK_04-GR-2008-110_be-768x768.jpg 768w, https:\/\/sgti.ch\/site\/wp-content\/uploads\/2023\/01\/SIK_04-GR-2008-110_be-1536x1536.jpg 1536w, https:\/\/sgti.ch\/site\/wp-content\/uploads\/2023\/01\/SIK_04-GR-2008-110_be-2048x2048.jpg 2048w, https:\/\/sgti.ch\/site\/wp-content\/uploads\/2023\/01\/SIK_04-GR-2008-110_be-36x36.jpg 36w, https:\/\/sgti.ch\/site\/wp-content\/uploads\/2023\/01\/SIK_04-GR-2008-110_be-180x180.jpg 180w, https:\/\/sgti.ch\/site\/wp-content\/uploads\/2023\/01\/SIK_04-GR-2008-110_be-1500x1500.jpg 1500w, https:\/\/sgti.ch\/site\/wp-content\/uploads\/2023\/01\/SIK_04-GR-2008-110_be-705x705.jpg 705w\" sizes=\"(max-width: 300px) 100vw, 300px\" \/><\/div><\/div><\/div><\/div>\n\n<style type=\"text\/css\" data-created_by=\"avia_inline_auto\" id=\"style-css-av-fo4o-24c701ca5bc9f90862e28fc01d877a0b\">\n.flex_column.av-fo4o-24c701ca5bc9f90862e28fc01d877a0b{\nborder-radius:0px 0px 0px 0px;\npadding:0px 0px 0px 0px;\n}\n<\/style>\n<div  class='flex_column av-fo4o-24c701ca5bc9f90862e28fc01d877a0b av_two_third  avia-builder-el-5  el_after_av_one_third  el_before_av_hr  flex_column_div av-zero-column-padding  column-top-margin'     ><section  class='av_textblock_section av-jrs00p62-2b6a01338f3d53784af4bd1b04deaf97 '   itemscope=\"itemscope\" itemtype=\"https:\/\/schema.org\/CreativeWork\" ><div class='avia_textblock'  itemprop=\"text\" ><h2><strong>Aufgaben<\/strong><\/h2>\n<p>Ehemalige M\u00fchlenkan\u00e4le oder komplexe industrielle Anlagen, hohe Backsteinkamine oder Eisenbahninfrastrukturen; sie alle sind Zeugen der Industrialisierung in der Schweiz &#8211; und viele davon sind heute in ihrer\u00a0 Existenz bedroht.<\/p>\n<p>Die Schweizerische Gesellschaft f\u00fcr Technikgeschichte und Industriekultur, kurz SGTI, f\u00f6rdert das Verst\u00e4ndnis f\u00fcr die Geschichte des Industriezeitalters und unterst\u00fctzt die Erforschung und den Erhalt der zugeh\u00f6rigen Kulturg\u00fcter.<\/p>\n<p>Mit Unterst\u00fctzung zahlreicher Partnerinstitutionen erarbeitet die SGTI auf der Plattform <a href=\"https:\/\/www.industriekultur.ch\/\" target=\"_blank\" rel=\"noopener\">Industriekultur Schweiz<\/a> ein schweizweites Inventar der erhaltenen Industrieanlagen. Die Gesellschaft ber\u00e4t ausserdem Tr\u00e4gerschaften erhaltenswerter Objekte und publiziert regelm\u00e4ssig das Bulletin <a href=\"https:\/\/sgti.ch\/site\/bulletin\/\">IN.KU<\/a> sowie F\u00fchrer zu Industrieanlagen.<\/p>\n<h2>Noch nicht Mitglied?<\/h2>\n<p>Dann freuen wir uns wenn Sie ihr Interesse an Industriekultur mit uns teilen. Hier k\u00f6nnen Sie Mitglied der SGTI werden und damit auch die Zeitschrift &#171;Industriekultur&#187; abonnieren.<\/p>\n<\/div><\/section><br \/>\n<div  class='avia-button-wrap av-lzwpvzw0-a9f2ad9e9b6705693e55ebfaac47b715-wrap avia-button-left  avia-builder-el-7  el_after_av_textblock  avia-builder-el-last '><a href='https:\/\/sgti.ch\/site\/mitgliedschaft-sgti\/'  class='avia-button av-lzwpvzw0-a9f2ad9e9b6705693e55ebfaac47b715 av-link-btn avia-icon_select-yes-left-icon avia-size-small avia-position-left avia-color-theme-color'   aria-label=\"Mitglied werden\"><span class='avia_button_icon avia_button_icon_left avia-iconfont avia-font-entypo-fontello' data-av_icon='\ue80b' data-av_iconfont='entypo-fontello' ><\/span><span class='avia_iconbox_title' >Mitglied werden<\/span><\/a><\/div><\/p><\/div>\n<div  class='hr av-eisc-6d8fa42f7fe8069a3e9497753d1e2138 hr-default  avia-builder-el-8  el_after_av_two_third  el_before_av_one_third '><span class='hr-inner '><span class=\"hr-inner-style\"><\/span><\/span><\/div>\n\n<style type=\"text\/css\" data-created_by=\"avia_inline_auto\" id=\"style-css-av-bfns-9908b0b7a4ed15c584e298236142581f\">\n.flex_column.av-bfns-9908b0b7a4ed15c584e298236142581f{\nborder-radius:0px 0px 0px 0px;\npadding:0px 0px 0px 0px;\n}\n<\/style>\n<div  class='flex_column av-bfns-9908b0b7a4ed15c584e298236142581f av_one_third  avia-builder-el-9  el_after_av_hr  el_before_av_two_third  first flex_column_div av-zero-column-padding  '     ><section  class='av_textblock_section av-jrs00p62-1-41f0e9583fef2471f8ff874e424aaac4 '   itemscope=\"itemscope\" itemtype=\"https:\/\/schema.org\/CreativeWork\" ><div class='avia_textblock'  itemprop=\"text\" ><h2>Gesch\u00e4ftsf\u00fchrung<\/h2>\n<ul>\n<li>Gesch\u00e4ftsf\u00fchrung: <a href=\"mailto:info@sgti.ch\">Andreas Korte<\/a><\/li>\n<\/ul>\n<h2>Vorstand<\/h2>\n<ul>\n<li>Pr\u00e4sident: <a href=\"mailto:meier53@hotmail.com\">Markus Meier<\/a><\/li>\n<li>Vizepr\u00e4sident, Grafik: <a href=\"mailto:fahrni@fahrni.ch\">Andreas Fahrni<\/a><\/li>\n<li>Gesch\u00e4ftsf\u00fchrung industriekultur.ch: <a href=\"mailto:info@industriekultur.ch\">Hanna Gervasi<\/a><\/li>\n<li>Beisitzer: <a href=\"mailto:frei.lukas@bluewin.ch\">Lukas Frei<\/a><\/li>\n<li>Netzwerk Architektur und Vortr\u00e4ge: <a href=\"mailto:barbarabergergas@icloud.com\">Barbara Berger<\/a><\/li>\n<li>Finanzen und Netzwerk Architektur: <a href=\"mailto:severin.zellweger@architektenkollektiv.ch\">Severin Zellweger<\/a><\/li>\n<li>Kassier: <a href=\"mailto: manuela.toth@bluewin.ch\">Manuela Toth<\/a><\/li>\n<li>Planung Exkursionen: <a href=\"mailto: rmkaeser@teleport.ch\">Martin K\u00e4ser<\/a><\/li>\n<\/ul>\n<h2>Exkursionen<\/h2>\n<ul>\n<li>Reiseleitung und Planung Exkursionen: <a href=\"mailto: lukas.zellweger@sgti.ch\">Lukas Zellweger<\/a><\/li>\n<\/ul>\n<\/div><\/section><\/div>\n<style type=\"text\/css\" data-created_by=\"avia_inline_auto\" id=\"style-css-av-9wzq-7971af38f9287b7bed4c7f57cc0e20b0\">\n.flex_column.av-9wzq-7971af38f9287b7bed4c7f57cc0e20b0{\nborder-radius:0px 0px 0px 0px;\npadding:0px 0px 0px 0px;\n}\n<\/style>\n<div  class='flex_column av-9wzq-7971af38f9287b7bed4c7f57cc0e20b0 av_two_third  avia-builder-el-11  el_after_av_one_third  avia-builder-el-last  flex_column_div av-zero-column-padding  '     ><section  class='av_textblock_section av-jrs05sok-2212845792492b029454ca5a2837e1db '   itemscope=\"itemscope\" itemtype=\"https:\/\/schema.org\/CreativeWork\" ><div class='avia_textblock'  itemprop=\"text\" ><h2>Statuten<\/h2>\n<p>April 2018, Juni 2013, Juli 1999<\/p>\n<p><strong>1 Name<\/strong><\/p>\n<p>Unter den Namen <em>SGTI &#8211; Schweizerische Gesellschaft f\u00fcr Technikgeschichte und Industriekultur<\/em>, <em>ASHT &#8211; Association suisse d\u2019histoire de la technique et du patrimoine industriel<\/em> und <em>ASST &#8211; Associazione svizzera della storia tecnica e del patrimanio industriale<\/em>, abgek\u00fcrzt SGTI, besteht ein Verein im Sinne von Art. 60ff des Schweizerischen Zivilgesetzbuches.<\/p>\n<p><strong>2 Sitz<\/strong><\/p>\n<p>Die SGTI hat ihren Sitz am Domizil der Gesch\u00e4ftsf\u00fchrung oder am Wohnort des Pr\u00e4sidenten.<\/p>\n<p><strong>3 Ziele<\/strong><\/p>\n<p>Die SGTI hat zum Zweck die F\u00f6rderung<\/p>\n<ul>\n<li>der Technikgeschichte und deren vollen\u00a0Anerkennung als Teil der gesamten\u00a0Geschichte,<\/li>\n<li>des Verst\u00e4ndnisses f\u00fcr die Rolle der Technik\u00a0in der menschlichen Gesellschaft,<\/li>\n<li>des Verst\u00e4ndnisses f\u00fcr die Industriekultur\u00a0im Spannungsfeld zwischen Mensch\u00a0und\u00a0Umwelt und f\u00fcr das industrielle Erbe<\/li>\n<li>Die SGTI verfolgt weder Erwerbs- noch\u00a0Selbsthilfezwecke<\/li>\n<\/ul>\n<p><strong>4 T\u00e4tigkeit<\/strong><\/p>\n<p>Zur Erf\u00fcllung dieser Aufgabe\u00a0unterst\u00fctzt die SGTI<\/p>\n<ul>\n<li>die Inventarisierung und Erhaltung technischer\u00a0Denkm\u00e4ler und anderer Zeugen\u00a0technischen Wirkens und Entwickelns in\u00a0der Schweiz,<\/li>\n<li>die Erforschung und Darstellung der\u00a0Entwicklung der Technik und ihrer Interdependenz mit den sie umgebenden Bereichen des individuellen und gesellschaftlichen\u00a0Lebens,<\/li>\n<li>die Verbreitung technikgeschichtlichen\u00a0Bewusstseins in Schulen und h\u00f6heren\u00a0Bildungsanstalten sowie bei Beh\u00f6rden\u00a0und in der \u00d6ffentlichkeit,<\/li>\n<li>einschl\u00e4gige Ver\u00f6ffentlichungen sowie\u00a0Ausstellungen;<\/li>\n<\/ul>\n<p>engagiert sich die SGTI f\u00fcr die vitale Erhaltung,\u00a0zeitgerechte Umnutzungen und den\u00a0Betrieb wichtiger technischer Kulturg\u00fcter in\u00a0ihrem gewachsenen und aktuellen Zusammenhang.<\/p>\n<p>veranstaltet die SGTI selbst Vortr\u00e4ge, Besichtigungen,\u00a0Tagungen, usw.<\/p>\n<p><strong>5 Sektionen<\/strong><\/p>\n<p>Falls n\u00f6tig, kann die SGTI regionale oder\u00a0lokale Sektionen bilden.<\/p>\n<p><strong>6 Publikation<\/strong><\/p>\n<p>Als Verbindung unter ihren Mitgliedern kann\u00a0die SGTI eine Publikation in eigener Regie\u00a0betreiben oder mit einer anderweitigen, \u00e4hnlich\u00a0orientierten Zeitschrift eine entsprechende\u00a0Vereinbarung treffen.<\/p>\n<p><strong>7 Mitglieder<\/strong><\/p>\n<p>Nat\u00fcrliche und juristische Personen, welche am Vereinszweck interessiert sind und diese Statuten anerkennen, k\u00f6nnen als Einzel- oder Kollektivmitglieder sowie als Mitglieder zu zweit und als Mitglieder auf Lebenszeit in die SGTI aufgenommen werden.<\/p>\n<ul>\n<li>Der Vorstand beschliesst \u00fcber die rechtsg\u00fcltige\u00a0Aufnahme eines Mitgliedes<\/li>\n<li>Personen die sich f\u00fcr die SGTI oder deren Ziele besonders verdient gemacht haben, k\u00f6nnen durch die Generalversammlung auf Antr\u00e4ge des Vorstandes oder von Mitgliedern zu Ehrenmitgliedern ernannt werden. Sie sind von der Beitragspflicht entbunden.<\/li>\n<li>Jedes Mitglied kann in den Vorstand\u00a0und\/oder in permanente oder vor\u00fcbergehende\u00a0Kommissionen gew\u00e4hlt werden<\/li>\n<li>Die Einzel- und Kollektivmitglieder verpflichten sich, die festgesetzten j\u00e4hrlichen Mitgliederbeitr\u00e4ge zu entrichten. Mitglieder auf Lebenszeit bezahlen mindestens einen einmaligen Beitrag in der H\u00f6he des 25fachen Jahresbeitrags zum Zeitpunkt des Beitritts, Mitglieder zu zweit zusammen den 1.5fachen Beitrag.<\/li>\n<li>Der Austritt aus der SGTI kann jeweils\u00a0auf Ende des Kalenderjahres durch\u00a0schriftliche Mitteilung an den Pr\u00e4sidenten\u00a0erfolgen<\/li>\n<li>Der Ausschluss eines Mitgliedes erfolgt\u00a0auf Antrag des Vorstandes an die Generalversammlung<\/li>\n<\/ul>\n<p><strong>8 Organe<\/strong><\/p>\n<p>Die Organe der SGTI sind:<\/p>\n<ol>\n<li>Die Generalversammlung<\/li>\n<li>Der Vorstand<\/li>\n<li>Die Rechnungsrevisoren<\/li>\n<\/ol>\n<p><strong>9 Generalversammlung<\/strong><\/p>\n<p>Die Generalversammlung, das oberste Vereinsorgan,\u00a0wird vom Vorstand j\u00e4hrlich, innerhalb\u00a0des ersten Semesters, sp\u00e4testens\u00a0drei Wochen\u00a0vor dem vorgesehenen Datum, einberufen.\u00a0Sie wird zu einer ausserordentlichen Generalversammlung\u00a0einberufen auf Antrag des Vorstandes\u00a0oder wenn dies von 1\/5 der Mitglieder\u00a0schriftlich verlangt wird.<\/p>\n<p>Es stehen ihr folgende Befugnisse zu:<\/p>\n<ul>\n<li>Wahlen des Pr\u00e4sidenten, der \u00fcbrigen Mitglieder\u00a0des Vorstandes\u00a0und der Rechnungsrevisoren<\/li>\n<li>Beaufsichtigung der T\u00e4tigkeit des Vorstandes\u00a0und Genehmigung\u00a0des Jahresberichts,\u00a0der Jahresrechnung und des\u00a0Berichts der Rechnungsrevisoren<\/li>\n<li>Beschlussfassung \u00fcber die Verwendung von\u00a0Gewinnen und die Deckung von Verlusten<\/li>\n<li>Genehmigung des Budgets und der j\u00e4hrlichen\u00a0Mitgliederbeitr\u00e4ge<\/li>\n<li>Ernennung von Ehrenmitgliedern<\/li>\n<li>Wahl der Vereinspublikation<\/li>\n<li>Entscheidung \u00fcber grundlegende T\u00e4tigkeiten\u00a0oder zu entwickelnde Initiativen<\/li>\n<li>Bewilligung der Bildung von regionalen\u00a0oder lokalen Sektionen<\/li>\n<li>Entscheidung in letzter Instanz \u00fcber den\u00a0Ausschluss eines Mitgliedes<\/li>\n<li>Statuten\u00e4nderungen<\/li>\n<\/ul>\n<p><strong>10 Beschlussfassung<\/strong><\/p>\n<p>Die Generalversammlung fasst ihre Beschl\u00fcsse\u00a0mit einfachem Mehr der anwesenden\u00a0Mitglieder (Ausnahme siehe Art. 16.)\u00a0Die Beschl\u00fcsse werden in offener Abstimmung\u00a0gefasst, es sei denn, dass mindestens 1\/4 der\u00a0Anwesenden\u00a0geheime Abstimmung verlangt.<\/p>\n<ul>\n<li>Ihre Beschl\u00fcsse werden durch ein Protokoll\u00a0festgehalten<\/li>\n<\/ul>\n<p><strong>11 Vorstand<\/strong><\/p>\n<p>Der Vorstand setzt sich aus mindestens 5,\u00a0h\u00f6chstens 11 Mitgliedern zusammen. Diese\u00a0sind alle drei Jahre zu best\u00e4tigen.\u00a0Ausser dem von der Generalversammlung\u00a0gew\u00e4hlten Pr\u00e4sidenten konstituiert sich der\u00a0Vorstand selbst.<\/p>\n<p>Die Mitglieder des Vorstandes sind ehrenamtlich\u00a0t\u00e4tig und haben grunds\u00e4tzlich nur\u00a0Anspruch auf Entsch\u00e4digung ihrer effektiven\u00a0Spesen und Barauslagen. F\u00fcr besondere\u00a0Leistungen einzelner Vorstandsmitglieder kann\u00a0eine angemessene Entsch\u00e4digung ausgerichtet\u00a0werden.<\/p>\n<p><strong>12 Verantwortung<\/strong><\/p>\n<p>Der Vorstand ist f\u00fcr die korrekte Verwaltung,\u00a0eine dem Vereinszweck entsprechende\u00a0T\u00e4tigkeit sowie f\u00fcr die Vertretung des Vereins\u00a0und dessen Anliegen nach aussen verantwortlich.\u00a0Er ist f\u00fcr alle Gesch\u00e4fte zust\u00e4ndig,\u00a0die nicht durch Statuten oder Gesetz andern\u00a0Organen \u00fcbertragen sind, insbesondere:<\/p>\n<ul>\n<li>Durchf\u00fchrung der Vereinsbeschl\u00fcsse<\/li>\n<li>Vorbereitung der Generalversammlung<\/li>\n<li>Vorlegen des Jahresberichtes und der\u00a0Jahresrechnung<\/li>\n<\/ul>\n<p>Er ist beschlussf\u00e4hig, sofern mindestens die\u00a0H\u00e4lfte seiner Mitglieder anwesend sind. Seine\u00a0Beschl\u00fcsse werden durch einfache Mehrheit\u00a0gefasst und durch ein Protokoll festgehalten.\u00a0Die SGTI ist durch die Unterschrift von mindestens\u00a0zwei Vorstandsmitgliedern rechtsg\u00fcltig\u00a0verpflichtet.<\/p>\n<p><strong>13 Kommissionen<\/strong><\/p>\n<p>Zur Ausf\u00fchrung spezieller Auftr\u00e4ge kann\u00a0der Vorstand permanente oder vor\u00fcbergehende\u00a0Kommissionen ernennen. Dazu\u00a0k\u00f6nnen auch Aussenstehende eingeladen\u00a0werden.<\/p>\n<p><strong>14 Rechnungsrevisoren<\/strong><\/p>\n<p>Die Jahresrechnung wird durch zwei Rechnungsrevisoren\u00a0auf ihre Ordnungsm\u00e4ssigkeit\u00a0\u00fcberpr\u00fcft. Die Revisoren werden ausserhalb\u00a0des Vorstandes f\u00fcr drei Jahre gew\u00e4hlt und\u00a0sind wieder w\u00e4hlbar.<\/p>\n<ul>\n<li>Das Rechnungsjahr entspricht dem\u00a0Kalenderjahr<\/li>\n<\/ul>\n<p><strong>15 Mittel<\/strong><\/p>\n<p>Die Mittel der SGTI setzen sich aus den Mitgliederbeitr\u00e4gen,\u00a0Gaben, Unterst\u00fctzungen,\u00a0Legaten, Ertr\u00e4gen von Vereinsanl\u00e4ssen\u00a0oder gesch\u00e4ftlicher T\u00e4tigkeit zusammen.\u00a0Sie dienen der Deckung der Kosten der\u00a0Vereinspublikation, der Verwaltung sowie\u00a0anderen, den Vereinszielen entsprechenden\u00a0T\u00e4tigkeiten.<\/p>\n<p>Eine Nachschusspflicht der Mitglieder besteht\u00a0nicht. Ausschliesslich das Vereinsverm\u00f6gen\u00a0haftet f\u00fcr die Verbindlichkeit der SGTI.<\/p>\n<p><strong>16 Aufl\u00f6sung<\/strong><\/p>\n<p>Die Aufl\u00f6sung der SGTI oder die Fusion mit\u00a0einer \u00e4hnliche Ziele verfolgenden Institution\u00a0kann nur durch 2\/3\u2011Mehrheit aller Anwesenden\u00a0an einer eigens zu diesem Zweck einberufenen\u00a0Generalversammlung beschlossen\u00a0werden.\u00a0Ein bei der Aufl\u00f6sung vorhandenes Verm\u00f6gen\u00a0soll einer Institution mit \u00e4hnlicher Zielsetzung\u00a0\u00fcbertragen werden.<\/p>\n<ul>\n<li>Die Mitglieder haben keinerlei Anspruch\u00a0auf das Vereinsverm\u00f6gen<\/li>\n<\/ul>\n<p>Diese Statuten wurden von der Gr\u00fcndungsversammlung\u00a0vom 20. Mai 1995 in Ennenda\u00a0(GL) angenommen und an der Ordentlichen Generalversammlung vom 28. April 2018 in Bern letztmalig revidiert.<\/p>\n<p>Die SGTI tritt die Rechtsnachfolge der Schweizerischen\u00a0Vereinigung f\u00fcr Technikgeschichte\u00a0(SVTG) und der Gesellschaft f\u00fcr Industriekultur\u00a0(IN.KU.) an. Die obigen Statuten ersetzen die\u00a0Statuten der SVTG vom 19. Mai 1990 und diejenigen\u00a0der IN.KU. vom 8. November 1991.<\/p>\n<p>Z\u00fcrich, 2018<\/p>\n<\/div><\/section><\/div><\/p>\n","protected":false},"excerpt":{"rendered":"","protected":false},"author":1,"featured_media":0,"parent":0,"menu_order":0,"comment_status":"closed","ping_status":"closed","template":"","meta":{"footnotes":""},"class_list":["post-52","page","type-page","status-publish","hentry"],"yoast_head":"<!-- This site is optimized with the Yoast SEO plugin v27.4 - https:\/\/yoast.com\/product\/yoast-seo-wordpress\/ -->\n<title>Verein - sgti<\/title>\n<meta name=\"robots\" content=\"index, follow, max-snippet:-1, max-image-preview:large, max-video-preview:-1\" \/>\n<link rel=\"canonical\" href=\"https:\/\/sgti.ch\/site\/verein\/\" \/>\n<meta property=\"og:locale\" content=\"de_DE\" \/>\n<meta property=\"og:type\" content=\"article\" \/>\n<meta property=\"og:title\" content=\"Verein - sgti\" \/>\n<meta property=\"og:url\" content=\"https:\/\/sgti.ch\/site\/verein\/\" \/>\n<meta property=\"og:site_name\" content=\"sgti\" \/>\n<meta property=\"article:publisher\" content=\"https:\/\/de-de.facebook.com\/Industriekultur.Schweiz\/\" \/>\n<meta property=\"article:modified_time\" content=\"2025-06-24T10:01:14+00:00\" \/>\n<meta name=\"twitter:card\" content=\"summary_large_image\" \/>\n<meta name=\"twitter:label1\" content=\"Gesch\u00e4tzte Lesezeit\" \/>\n\t<meta name=\"twitter:data1\" content=\"7\u00a0Minuten\" \/>\n<script type=\"application\/ld+json\" class=\"yoast-schema-graph\">{\"@context\":\"https:\\\/\\\/schema.org\",\"@graph\":[{\"@type\":\"WebPage\",\"@id\":\"https:\\\/\\\/sgti.ch\\\/site\\\/verein\\\/\",\"url\":\"https:\\\/\\\/sgti.ch\\\/site\\\/verein\\\/\",\"name\":\"Verein - sgti\",\"isPartOf\":{\"@id\":\"https:\\\/\\\/sgti.ch\\\/site\\\/#website\"},\"datePublished\":\"2019-02-04T16:10:37+00:00\",\"dateModified\":\"2025-06-24T10:01:14+00:00\",\"breadcrumb\":{\"@id\":\"https:\\\/\\\/sgti.ch\\\/site\\\/verein\\\/#breadcrumb\"},\"inLanguage\":\"de-CH\",\"potentialAction\":[{\"@type\":\"ReadAction\",\"target\":[\"https:\\\/\\\/sgti.ch\\\/site\\\/verein\\\/\"]}]},{\"@type\":\"BreadcrumbList\",\"@id\":\"https:\\\/\\\/sgti.ch\\\/site\\\/verein\\\/#breadcrumb\",\"itemListElement\":[{\"@type\":\"ListItem\",\"position\":1,\"name\":\"Home\",\"item\":\"https:\\\/\\\/sgti.ch\\\/site\\\/\"},{\"@type\":\"ListItem\",\"position\":2,\"name\":\"Verein\"}]},{\"@type\":\"WebSite\",\"@id\":\"https:\\\/\\\/sgti.ch\\\/site\\\/#website\",\"url\":\"https:\\\/\\\/sgti.ch\\\/site\\\/\",\"name\":\"sgti\",\"description\":\"Schweizerische Gesellschaft f\u00fcr Technik und Industriekultur\",\"publisher\":{\"@id\":\"https:\\\/\\\/sgti.ch\\\/site\\\/#organization\"},\"potentialAction\":[{\"@type\":\"SearchAction\",\"target\":{\"@type\":\"EntryPoint\",\"urlTemplate\":\"https:\\\/\\\/sgti.ch\\\/site\\\/?s={search_term_string}\"},\"query-input\":{\"@type\":\"PropertyValueSpecification\",\"valueRequired\":true,\"valueName\":\"search_term_string\"}}],\"inLanguage\":\"de-CH\"},{\"@type\":\"Organization\",\"@id\":\"https:\\\/\\\/sgti.ch\\\/site\\\/#organization\",\"name\":\"SGTI - Schweizerische Gesellschaft f\u00fcr Technikgeschichte und Industriekultur\",\"url\":\"https:\\\/\\\/sgti.ch\\\/site\\\/\",\"logo\":{\"@type\":\"ImageObject\",\"inLanguage\":\"de-CH\",\"@id\":\"https:\\\/\\\/sgti.ch\\\/site\\\/#\\\/schema\\\/logo\\\/image\\\/\",\"url\":\"https:\\\/\\\/sgti.ch\\\/site\\\/wp-content\\\/uploads\\\/2019\\\/02\\\/Favicon.png\",\"contentUrl\":\"https:\\\/\\\/sgti.ch\\\/site\\\/wp-content\\\/uploads\\\/2019\\\/02\\\/Favicon.png\",\"width\":391,\"height\":391,\"caption\":\"SGTI - Schweizerische Gesellschaft f\u00fcr Technikgeschichte und Industriekultur\"},\"image\":{\"@id\":\"https:\\\/\\\/sgti.ch\\\/site\\\/#\\\/schema\\\/logo\\\/image\\\/\"},\"sameAs\":[\"https:\\\/\\\/de-de.facebook.com\\\/Industriekultur.Schweiz\\\/\"]}]}<\/script>\n<!-- \/ Yoast SEO plugin. -->","yoast_head_json":{"title":"Verein - sgti","robots":{"index":"index","follow":"follow","max-snippet":"max-snippet:-1","max-image-preview":"max-image-preview:large","max-video-preview":"max-video-preview:-1"},"canonical":"https:\/\/sgti.ch\/site\/verein\/","og_locale":"de_DE","og_type":"article","og_title":"Verein - sgti","og_url":"https:\/\/sgti.ch\/site\/verein\/","og_site_name":"sgti","article_publisher":"https:\/\/de-de.facebook.com\/Industriekultur.Schweiz\/","article_modified_time":"2025-06-24T10:01:14+00:00","twitter_card":"summary_large_image","twitter_misc":{"Gesch\u00e4tzte Lesezeit":"7\u00a0Minuten"},"schema":{"@context":"https:\/\/schema.org","@graph":[{"@type":"WebPage","@id":"https:\/\/sgti.ch\/site\/verein\/","url":"https:\/\/sgti.ch\/site\/verein\/","name":"Verein - sgti","isPartOf":{"@id":"https:\/\/sgti.ch\/site\/#website"},"datePublished":"2019-02-04T16:10:37+00:00","dateModified":"2025-06-24T10:01:14+00:00","breadcrumb":{"@id":"https:\/\/sgti.ch\/site\/verein\/#breadcrumb"},"inLanguage":"de-CH","potentialAction":[{"@type":"ReadAction","target":["https:\/\/sgti.ch\/site\/verein\/"]}]},{"@type":"BreadcrumbList","@id":"https:\/\/sgti.ch\/site\/verein\/#breadcrumb","itemListElement":[{"@type":"ListItem","position":1,"name":"Home","item":"https:\/\/sgti.ch\/site\/"},{"@type":"ListItem","position":2,"name":"Verein"}]},{"@type":"WebSite","@id":"https:\/\/sgti.ch\/site\/#website","url":"https:\/\/sgti.ch\/site\/","name":"sgti","description":"Schweizerische Gesellschaft f\u00fcr Technik und Industriekultur","publisher":{"@id":"https:\/\/sgti.ch\/site\/#organization"},"potentialAction":[{"@type":"SearchAction","target":{"@type":"EntryPoint","urlTemplate":"https:\/\/sgti.ch\/site\/?s={search_term_string}"},"query-input":{"@type":"PropertyValueSpecification","valueRequired":true,"valueName":"search_term_string"}}],"inLanguage":"de-CH"},{"@type":"Organization","@id":"https:\/\/sgti.ch\/site\/#organization","name":"SGTI - Schweizerische Gesellschaft f\u00fcr Technikgeschichte und Industriekultur","url":"https:\/\/sgti.ch\/site\/","logo":{"@type":"ImageObject","inLanguage":"de-CH","@id":"https:\/\/sgti.ch\/site\/#\/schema\/logo\/image\/","url":"https:\/\/sgti.ch\/site\/wp-content\/uploads\/2019\/02\/Favicon.png","contentUrl":"https:\/\/sgti.ch\/site\/wp-content\/uploads\/2019\/02\/Favicon.png","width":391,"height":391,"caption":"SGTI - Schweizerische Gesellschaft f\u00fcr Technikgeschichte und Industriekultur"},"image":{"@id":"https:\/\/sgti.ch\/site\/#\/schema\/logo\/image\/"},"sameAs":["https:\/\/de-de.facebook.com\/Industriekultur.Schweiz\/"]}]}},"_links":{"self":[{"href":"https:\/\/sgti.ch\/site\/wp-json\/wp\/v2\/pages\/52","targetHints":{"allow":["GET"]}}],"collection":[{"href":"https:\/\/sgti.ch\/site\/wp-json\/wp\/v2\/pages"}],"about":[{"href":"https:\/\/sgti.ch\/site\/wp-json\/wp\/v2\/types\/page"}],"author":[{"embeddable":true,"href":"https:\/\/sgti.ch\/site\/wp-json\/wp\/v2\/users\/1"}],"replies":[{"embeddable":true,"href":"https:\/\/sgti.ch\/site\/wp-json\/wp\/v2\/comments?post=52"}],"version-history":[{"count":81,"href":"https:\/\/sgti.ch\/site\/wp-json\/wp\/v2\/pages\/52\/revisions"}],"predecessor-version":[{"id":3057,"href":"https:\/\/sgti.ch\/site\/wp-json\/wp\/v2\/pages\/52\/revisions\/3057"}],"wp:attachment":[{"href":"https:\/\/sgti.ch\/site\/wp-json\/wp\/v2\/media?parent=52"}],"curies":[{"name":"wp","href":"https:\/\/api.w.org\/{rel}","templated":true}]}}