{"id":2939,"date":"2025-10-14T15:51:26","date_gmt":"2025-10-14T13:51:26","guid":{"rendered":"https:\/\/sgti.ch\/site\/?page_id=2939"},"modified":"2025-10-22T13:17:43","modified_gmt":"2025-10-22T11:17:43","slug":"newsletter","status":"publish","type":"page","link":"https:\/\/sgti.ch\/site\/newsletter\/","title":{"rendered":"Newsletter"},"content":{"rendered":"\n<style type=\"text\/css\" data-created_by=\"avia_inline_auto\" id=\"style-css-av-a0dx2-5f4b9094457464685b4fb04711734553\">\n.flex_column.av-a0dx2-5f4b9094457464685b4fb04711734553{\nborder-radius:0px 0px 0px 0px;\npadding:0px 0px 0px 0px;\n}\n<\/style>\n<div  class='flex_column av-a0dx2-5f4b9094457464685b4fb04711734553 av_one_full  avia-builder-el-0  el_before_av_one_third  avia-builder-el-first  first flex_column_div av-zero-column-padding  '     ><\/div>\n\n<style type=\"text\/css\" data-created_by=\"avia_inline_auto\" id=\"style-css-av-5p2tl7-9f3807cc348c1e4eee9f17ac15386115\">\n.flex_column.av-5p2tl7-9f3807cc348c1e4eee9f17ac15386115{\nborder-radius:0px 0px 0px 0px;\npadding:0px 0px 0px 0px;\n}\n<\/style>\n<div  class='flex_column av-5p2tl7-9f3807cc348c1e4eee9f17ac15386115 av_one_third  avia-builder-el-1  el_after_av_one_full  el_before_av_two_third  first flex_column_div av-zero-column-padding  column-top-margin'     ><p>\n<style type=\"text\/css\" data-created_by=\"avia_inline_auto\" id=\"style-css-av-mgqnbug8-c32fc0de6431d4001864623b077ccc2a\">\n#top .hr.hr-invisible.av-mgqnbug8-c32fc0de6431d4001864623b077ccc2a{\nheight:70px;\n}\n<\/style>\n<div  class='hr av-mgqnbug8-c32fc0de6431d4001864623b077ccc2a hr-invisible  avia-builder-el-2  el_before_av_image  avia-builder-el-first '><span class='hr-inner '><span class=\"hr-inner-style\"><\/span><\/span><\/div><br \/>\n\n<style type=\"text\/css\" data-created_by=\"avia_inline_auto\" id=\"style-css-av-4hfbij-22be546d7ef79766392ce35f8cba501e\">\n.avia-image-container.av-4hfbij-22be546d7ef79766392ce35f8cba501e img.avia_image{\nbox-shadow:none;\n}\n.avia-image-container.av-4hfbij-22be546d7ef79766392ce35f8cba501e .av-image-caption-overlay-center{\ncolor:#ffffff;\n}\n<\/style>\n<div  class='avia-image-container av-4hfbij-22be546d7ef79766392ce35f8cba501e av-styling- av-hover-grow av-hide-overflow avia-align-center  avia-builder-el-3  el_after_av_hr  avia-builder-el-last  av-has-copyright av-copyright-icon-reveal'   itemprop=\"image\" itemscope=\"itemscope\" itemtype=\"https:\/\/schema.org\/ImageObject\" ><div class=\"avia-image-container-inner\"><div class=\"avia-image-overlay-wrap\"><img decoding=\"async\" fetchpriority=\"high\" class='wp-image-2418 avia-img-lazy-loading-not-2418 avia_image ' src=\"https:\/\/sgti.ch\/site\/wp-content\/uploads\/2024\/08\/SGTI_A5-Karte-quadrat_SW-300x300.jpg\" alt='' title='SGTI_A5-Karte-quadrat_SW'  height=\"300\" width=\"300\"  itemprop=\"thumbnailUrl\" srcset=\"https:\/\/sgti.ch\/site\/wp-content\/uploads\/2024\/08\/SGTI_A5-Karte-quadrat_SW-300x300.jpg 300w, https:\/\/sgti.ch\/site\/wp-content\/uploads\/2024\/08\/SGTI_A5-Karte-quadrat_SW-80x80.jpg 80w, https:\/\/sgti.ch\/site\/wp-content\/uploads\/2024\/08\/SGTI_A5-Karte-quadrat_SW-36x36.jpg 36w, https:\/\/sgti.ch\/site\/wp-content\/uploads\/2024\/08\/SGTI_A5-Karte-quadrat_SW-180x180.jpg 180w, https:\/\/sgti.ch\/site\/wp-content\/uploads\/2024\/08\/SGTI_A5-Karte-quadrat_SW.jpg 565w\" sizes=\"(max-width: 300px) 100vw, 300px\" \/><\/div><small class=\"avia-copyright\">Foto: Tonatiuh Ambrosetti<span class='avia-svg-icon avia-font-svg_entypo-fontello' data-av_svg_icon='info' data-av_iconset='svg_entypo-fontello'><svg version=\"1.1\" xmlns=\"http:\/\/www.w3.org\/2000\/svg\" width=\"15\" height=\"32\" viewBox=\"0 0 15 32\" preserveAspectRatio=\"xMidYMid meet\" aria-labelledby='av-svg-title-1' aria-describedby='av-svg-desc-1' role=\"graphics-symbol\">\n<title id='av-svg-title-1'>Info<\/title>\n<desc id='av-svg-desc-1'>Info<\/desc>\n<path d=\"M11.264 0q1.536 0 2.368 0.864t0.832 2.208q0 1.6-1.248 2.816t-3.040 1.216q-1.536 0-2.368-0.832t-0.768-2.304q0-1.472 1.12-2.72t3.104-1.248zM4.672 32q-3.2 0-1.728-5.696l1.92-8.128q0.448-1.792 0-1.792-0.384 0-1.728 0.576t-2.304 1.216l-0.832-1.408q2.88-2.496 6.048-4.032t4.832-1.536q2.496 0 1.152 5.184l-2.24 8.512q-0.512 2.048 0.192 2.048 1.408 0 3.776-1.92l0.96 1.28q-2.688 2.752-5.6 4.224t-4.448 1.472z\"><\/path>\n<\/svg><\/span><\/small><\/div><\/div><\/p><\/div>\n<div  class='flex_column av-162m3-5373aa1452d50b05be250ad75aea8461 av_two_third  avia-builder-el-4  el_after_av_one_third  el_before_av_one_full  flex_column_div  column-top-margin'     ><section  class='av_textblock_section av-mgqn1mtf-ab601e033aed73b5bb5dc48260c14399 '   itemscope=\"itemscope\" itemtype=\"https:\/\/schema.org\/CreativeWork\" ><div class='avia_textblock'  itemprop=\"text\" ><p><iframe loading=\"lazy\" style=\"display: block; margin-left: auto; margin-right: auto; max-width: 100%;\" src=\"https:\/\/aeb6ab4d.sibforms.com\/serve\/MUIFAEnmSQ4Mq-ZU4XfV3j9S6z0YCwFxmwwwpXaHAR5KRb0tc0-y_9nG4auAz08bYeNVejPwMMw7W6px6KY9wLD2HjEMm7HPlYk1SHYb-pIiHTcd-Pe79mD_0rxHXE2N9CrFrHOrsLTt3NgLJgz6jiXrZvBMH59bXJjKR9HLfpFmaZ-IseDkGe2ocuOJ7WuC5OW6AEbmlZfCfEiybA==\" width=\"540\" height=\"710\" frameborder=\"0\" scrolling=\"auto\" allowfullscreen=\"allowfullscreen\"><\/iframe><\/p>\n<\/div><\/section><\/div>\n<style type=\"text\/css\" data-created_by=\"avia_inline_auto\" id=\"style-css-av-ag6la-8209fd59e0b2168db4a2d47ae33bbe4a\">\n.flex_column.av-ag6la-8209fd59e0b2168db4a2d47ae33bbe4a{\nborder-radius:0px 0px 0px 0px;\npadding:0px 0px 0px 0px;\n}\n<\/style>\n<div  class='flex_column av-ag6la-8209fd59e0b2168db4a2d47ae33bbe4a av_one_full  avia-builder-el-6  el_after_av_two_third  el_before_av_hr  first flex_column_div av-zero-column-padding  column-top-margin'     ><\/div><\/p>\n<div  class='hr av-eisc-6d8fa42f7fe8069a3e9497753d1e2138 hr-default  avia-builder-el-7  el_after_av_one_full  avia-builder-el-last '><span class='hr-inner '><span class=\"hr-inner-style\"><\/span><\/span><\/div>\n","protected":false},"excerpt":{"rendered":"","protected":false},"author":7,"featured_media":0,"parent":0,"menu_order":0,"comment_status":"closed","ping_status":"closed","template":"","meta":{"footnotes":""},"class_list":["post-2939","page","type-page","status-publish","hentry"],"yoast_head":"<!-- This site is optimized with the Yoast SEO plugin v27.4 - https:\/\/yoast.com\/product\/yoast-seo-wordpress\/ -->\n<title>Newsletter - sgti<\/title>\n<meta name=\"description\" content=\"Lust auf Industriekultur? Die SGTI freut sich \u00fcber neue Mitglieder mit einem Faible f\u00fcr die faszinierende Welt der industriellen St\u00e4tten.\" \/>\n<meta name=\"robots\" content=\"index, follow, max-snippet:-1, max-image-preview:large, max-video-preview:-1\" \/>\n<link rel=\"canonical\" href=\"https:\/\/sgti.ch\/site\/newsletter\/\" \/>\n<meta property=\"og:locale\" content=\"de_DE\" \/>\n<meta property=\"og:type\" content=\"article\" \/>\n<meta property=\"og:title\" content=\"Newsletter - sgti\" \/>\n<meta property=\"og:description\" content=\"Lust auf Industriekultur? Die SGTI freut sich \u00fcber neue Mitglieder mit einem Faible f\u00fcr die faszinierende Welt der industriellen St\u00e4tten.\" \/>\n<meta property=\"og:url\" content=\"https:\/\/sgti.ch\/site\/newsletter\/\" \/>\n<meta property=\"og:site_name\" content=\"sgti\" \/>\n<meta property=\"article:publisher\" content=\"https:\/\/de-de.facebook.com\/Industriekultur.Schweiz\/\" \/>\n<meta property=\"article:modified_time\" content=\"2025-10-22T11:17:43+00:00\" \/>\n<meta name=\"twitter:card\" content=\"summary_large_image\" \/>\n<meta name=\"twitter:label1\" content=\"Gesch\u00e4tzte Lesezeit\" \/>\n\t<meta name=\"twitter:data1\" content=\"1\u00a0Minute\" \/>\n<script type=\"application\/ld+json\" class=\"yoast-schema-graph\">{\"@context\":\"https:\\\/\\\/schema.org\",\"@graph\":[{\"@type\":\"WebPage\",\"@id\":\"https:\\\/\\\/sgti.ch\\\/site\\\/newsletter\\\/\",\"url\":\"https:\\\/\\\/sgti.ch\\\/site\\\/newsletter\\\/\",\"name\":\"Newsletter - sgti\",\"isPartOf\":{\"@id\":\"https:\\\/\\\/sgti.ch\\\/site\\\/#website\"},\"datePublished\":\"2025-10-14T13:51:26+00:00\",\"dateModified\":\"2025-10-22T11:17:43+00:00\",\"description\":\"Lust auf Industriekultur? Die SGTI freut sich \u00fcber neue Mitglieder mit einem Faible f\u00fcr die faszinierende Welt der industriellen St\u00e4tten.\",\"breadcrumb\":{\"@id\":\"https:\\\/\\\/sgti.ch\\\/site\\\/newsletter\\\/#breadcrumb\"},\"inLanguage\":\"de-CH\",\"potentialAction\":[{\"@type\":\"ReadAction\",\"target\":[\"https:\\\/\\\/sgti.ch\\\/site\\\/newsletter\\\/\"]}]},{\"@type\":\"BreadcrumbList\",\"@id\":\"https:\\\/\\\/sgti.ch\\\/site\\\/newsletter\\\/#breadcrumb\",\"itemListElement\":[{\"@type\":\"ListItem\",\"position\":1,\"name\":\"Home\",\"item\":\"https:\\\/\\\/sgti.ch\\\/site\\\/\"},{\"@type\":\"ListItem\",\"position\":2,\"name\":\"Newsletter\"}]},{\"@type\":\"WebSite\",\"@id\":\"https:\\\/\\\/sgti.ch\\\/site\\\/#website\",\"url\":\"https:\\\/\\\/sgti.ch\\\/site\\\/\",\"name\":\"sgti\",\"description\":\"Schweizerische Gesellschaft f\u00fcr Technik und Industriekultur\",\"publisher\":{\"@id\":\"https:\\\/\\\/sgti.ch\\\/site\\\/#organization\"},\"potentialAction\":[{\"@type\":\"SearchAction\",\"target\":{\"@type\":\"EntryPoint\",\"urlTemplate\":\"https:\\\/\\\/sgti.ch\\\/site\\\/?s={search_term_string}\"},\"query-input\":{\"@type\":\"PropertyValueSpecification\",\"valueRequired\":true,\"valueName\":\"search_term_string\"}}],\"inLanguage\":\"de-CH\"},{\"@type\":\"Organization\",\"@id\":\"https:\\\/\\\/sgti.ch\\\/site\\\/#organization\",\"name\":\"SGTI - Schweizerische Gesellschaft f\u00fcr Technikgeschichte und Industriekultur\",\"url\":\"https:\\\/\\\/sgti.ch\\\/site\\\/\",\"logo\":{\"@type\":\"ImageObject\",\"inLanguage\":\"de-CH\",\"@id\":\"https:\\\/\\\/sgti.ch\\\/site\\\/#\\\/schema\\\/logo\\\/image\\\/\",\"url\":\"https:\\\/\\\/sgti.ch\\\/site\\\/wp-content\\\/uploads\\\/2019\\\/02\\\/Favicon.png\",\"contentUrl\":\"https:\\\/\\\/sgti.ch\\\/site\\\/wp-content\\\/uploads\\\/2019\\\/02\\\/Favicon.png\",\"width\":391,\"height\":391,\"caption\":\"SGTI - Schweizerische Gesellschaft f\u00fcr Technikgeschichte und Industriekultur\"},\"image\":{\"@id\":\"https:\\\/\\\/sgti.ch\\\/site\\\/#\\\/schema\\\/logo\\\/image\\\/\"},\"sameAs\":[\"https:\\\/\\\/de-de.facebook.com\\\/Industriekultur.Schweiz\\\/\"]}]}<\/script>\n<!-- \/ Yoast SEO plugin. -->","yoast_head_json":{"title":"Newsletter - sgti","description":"Lust auf Industriekultur? Die SGTI freut sich \u00fcber neue Mitglieder mit einem Faible f\u00fcr die faszinierende Welt der industriellen St\u00e4tten.","robots":{"index":"index","follow":"follow","max-snippet":"max-snippet:-1","max-image-preview":"max-image-preview:large","max-video-preview":"max-video-preview:-1"},"canonical":"https:\/\/sgti.ch\/site\/newsletter\/","og_locale":"de_DE","og_type":"article","og_title":"Newsletter - sgti","og_description":"Lust auf Industriekultur? Die SGTI freut sich \u00fcber neue Mitglieder mit einem Faible f\u00fcr die faszinierende Welt der industriellen St\u00e4tten.","og_url":"https:\/\/sgti.ch\/site\/newsletter\/","og_site_name":"sgti","article_publisher":"https:\/\/de-de.facebook.com\/Industriekultur.Schweiz\/","article_modified_time":"2025-10-22T11:17:43+00:00","twitter_card":"summary_large_image","twitter_misc":{"Gesch\u00e4tzte Lesezeit":"1\u00a0Minute"},"schema":{"@context":"https:\/\/schema.org","@graph":[{"@type":"WebPage","@id":"https:\/\/sgti.ch\/site\/newsletter\/","url":"https:\/\/sgti.ch\/site\/newsletter\/","name":"Newsletter - sgti","isPartOf":{"@id":"https:\/\/sgti.ch\/site\/#website"},"datePublished":"2025-10-14T13:51:26+00:00","dateModified":"2025-10-22T11:17:43+00:00","description":"Lust auf Industriekultur? Die SGTI freut sich \u00fcber neue Mitglieder mit einem Faible f\u00fcr die faszinierende Welt der industriellen St\u00e4tten.","breadcrumb":{"@id":"https:\/\/sgti.ch\/site\/newsletter\/#breadcrumb"},"inLanguage":"de-CH","potentialAction":[{"@type":"ReadAction","target":["https:\/\/sgti.ch\/site\/newsletter\/"]}]},{"@type":"BreadcrumbList","@id":"https:\/\/sgti.ch\/site\/newsletter\/#breadcrumb","itemListElement":[{"@type":"ListItem","position":1,"name":"Home","item":"https:\/\/sgti.ch\/site\/"},{"@type":"ListItem","position":2,"name":"Newsletter"}]},{"@type":"WebSite","@id":"https:\/\/sgti.ch\/site\/#website","url":"https:\/\/sgti.ch\/site\/","name":"sgti","description":"Schweizerische Gesellschaft f\u00fcr Technik und Industriekultur","publisher":{"@id":"https:\/\/sgti.ch\/site\/#organization"},"potentialAction":[{"@type":"SearchAction","target":{"@type":"EntryPoint","urlTemplate":"https:\/\/sgti.ch\/site\/?s={search_term_string}"},"query-input":{"@type":"PropertyValueSpecification","valueRequired":true,"valueName":"search_term_string"}}],"inLanguage":"de-CH"},{"@type":"Organization","@id":"https:\/\/sgti.ch\/site\/#organization","name":"SGTI - Schweizerische Gesellschaft f\u00fcr Technikgeschichte und Industriekultur","url":"https:\/\/sgti.ch\/site\/","logo":{"@type":"ImageObject","inLanguage":"de-CH","@id":"https:\/\/sgti.ch\/site\/#\/schema\/logo\/image\/","url":"https:\/\/sgti.ch\/site\/wp-content\/uploads\/2019\/02\/Favicon.png","contentUrl":"https:\/\/sgti.ch\/site\/wp-content\/uploads\/2019\/02\/Favicon.png","width":391,"height":391,"caption":"SGTI - Schweizerische Gesellschaft f\u00fcr Technikgeschichte und Industriekultur"},"image":{"@id":"https:\/\/sgti.ch\/site\/#\/schema\/logo\/image\/"},"sameAs":["https:\/\/de-de.facebook.com\/Industriekultur.Schweiz\/"]}]}},"_links":{"self":[{"href":"https:\/\/sgti.ch\/site\/wp-json\/wp\/v2\/pages\/2939","targetHints":{"allow":["GET"]}}],"collection":[{"href":"https:\/\/sgti.ch\/site\/wp-json\/wp\/v2\/pages"}],"about":[{"href":"https:\/\/sgti.ch\/site\/wp-json\/wp\/v2\/types\/page"}],"author":[{"embeddable":true,"href":"https:\/\/sgti.ch\/site\/wp-json\/wp\/v2\/users\/7"}],"replies":[{"embeddable":true,"href":"https:\/\/sgti.ch\/site\/wp-json\/wp\/v2\/comments?post=2939"}],"version-history":[{"count":13,"href":"https:\/\/sgti.ch\/site\/wp-json\/wp\/v2\/pages\/2939\/revisions"}],"predecessor-version":[{"id":3054,"href":"https:\/\/sgti.ch\/site\/wp-json\/wp\/v2\/pages\/2939\/revisions\/3054"}],"wp:attachment":[{"href":"https:\/\/sgti.ch\/site\/wp-json\/wp\/v2\/media?parent=2939"}],"curies":[{"name":"wp","href":"https:\/\/api.w.org\/{rel}","templated":true}]}}