{"id":2715,"date":"2025-03-22T16:26:35","date_gmt":"2025-03-22T15:26:35","guid":{"rendered":"https:\/\/sgti.ch\/site\/?page_id=2715"},"modified":"2025-12-11T17:26:05","modified_gmt":"2025-12-11T16:26:05","slug":"mutationen","status":"publish","type":"page","link":"https:\/\/sgti.ch\/site\/mutationen\/","title":{"rendered":"Mutationen"},"content":{"rendered":"\n<style type=\"text\/css\" data-created_by=\"avia_inline_auto\" id=\"style-css-av-1brae-d63a7b1d289099365f6b133e836db685\">\n.flex_column.av-1brae-d63a7b1d289099365f6b133e836db685{\nborder-radius:0px 0px 0px 0px;\npadding:0px 0px 0px 0px;\n}\n<\/style>\n<div  class='flex_column av-1brae-d63a7b1d289099365f6b133e836db685 av_one_third  avia-builder-el-0  el_before_av_two_third  avia-builder-el-first  first flex_column_div av-zero-column-padding  '     ><style type=\"text\/css\" data-created_by=\"avia_inline_auto\" id=\"style-css-av-lzwp5q4z-2a071612b7e2da5bcdee097b6200b5ea\">\n.avia-image-container.av-lzwp5q4z-2a071612b7e2da5bcdee097b6200b5ea img.avia_image{\nbox-shadow:none;\n}\n.avia-image-container.av-lzwp5q4z-2a071612b7e2da5bcdee097b6200b5ea .av-image-caption-overlay-center{\ncolor:#ffffff;\n}\n<\/style>\n<div  class='avia-image-container av-lzwp5q4z-2a071612b7e2da5bcdee097b6200b5ea av-styling- av-hover-grow av-hide-overflow avia-align-center  avia-builder-el-1  avia-builder-el-no-sibling '   itemprop=\"image\" itemscope=\"itemscope\" itemtype=\"https:\/\/schema.org\/ImageObject\" ><div class=\"avia-image-container-inner\"><div class=\"avia-image-overlay-wrap\"><img decoding=\"async\" fetchpriority=\"high\" class='wp-image-2725 avia-img-lazy-loading-not-2725 avia_image ' src=\"https:\/\/sgti.ch\/site\/wp-content\/uploads\/2025\/03\/10519-300x300.jpg\" alt='' title='10519'  height=\"300\" width=\"300\"  itemprop=\"thumbnailUrl\" srcset=\"https:\/\/sgti.ch\/site\/wp-content\/uploads\/2025\/03\/10519-300x300.jpg 300w, https:\/\/sgti.ch\/site\/wp-content\/uploads\/2025\/03\/10519-80x80.jpg 80w, https:\/\/sgti.ch\/site\/wp-content\/uploads\/2025\/03\/10519-768x768.jpg 768w, https:\/\/sgti.ch\/site\/wp-content\/uploads\/2025\/03\/10519-36x36.jpg 36w, https:\/\/sgti.ch\/site\/wp-content\/uploads\/2025\/03\/10519-180x180.jpg 180w, https:\/\/sgti.ch\/site\/wp-content\/uploads\/2025\/03\/10519-705x705.jpg 705w, https:\/\/sgti.ch\/site\/wp-content\/uploads\/2025\/03\/10519.jpg 800w\" sizes=\"(max-width: 300px) 100vw, 300px\" \/><\/div><\/div><\/div><\/div>\n\n<style type=\"text\/css\" data-created_by=\"avia_inline_auto\" id=\"style-css-av-fo4o-24c701ca5bc9f90862e28fc01d877a0b\">\n.flex_column.av-fo4o-24c701ca5bc9f90862e28fc01d877a0b{\nborder-radius:0px 0px 0px 0px;\npadding:0px 0px 0px 0px;\n}\n<\/style>\n<div  class='flex_column av-fo4o-24c701ca5bc9f90862e28fc01d877a0b av_two_third  avia-builder-el-2  el_after_av_one_third  el_before_av_one_full  flex_column_div av-zero-column-padding  '     ><section  class='av_textblock_section av-jrs00p62-2b6a01338f3d53784af4bd1b04deaf97 '   itemscope=\"itemscope\" itemtype=\"https:\/\/schema.org\/CreativeWork\" ><div class='avia_textblock'  itemprop=\"text\" ><h2><strong>Adressmutationen f\u00fcr Mitglieder<\/strong><\/h2>\n<p>\u00dcber das folgende Formular k\u00f6nnen Sie uns gerne Ihre neue Adresse mitteilen oder Ihre E-Mailadresse aktualisieren.<\/p>\n<\/div><\/section><br \/>\n<form action=\"https:\/\/sgti.ch\/site\/mutationen\/\" method=\"post\" data-fields-with-error=\"Fehler wurden in folgenden Feld(ern) gefunden:\" class=\"avia_ajax_form av-form-labels-hidden   avia-builder-el-4  el_after_av_textblock  avia-builder-el-last  av-show-form-errors  av-custom-form-color av-dark-form \" data-avia-form-id=\"1\" data-avia-redirect='' ><fieldset><p class='  first_form  form_element form_element_half' id='element_avia_1_1'><label for=\"avia_1_1\">Vorname(n) <abbr class=\"required\" title=\"ben\u00f6tigt\">*<\/abbr><\/label> <input name=\"avia_1_1\" class=\"text_input is_empty\" type=\"text\" id=\"avia_1_1\" value=\"\"  placeholder='Vorname(n)*'\/><\/p><p class='  form_element form_element_half' id='element_avia_2_1'><label for=\"avia_2_1\">Name(n) <abbr class=\"required\" title=\"ben\u00f6tigt\">*<\/abbr><\/label> <input name=\"avia_2_1\" class=\"text_input is_empty\" type=\"text\" id=\"avia_2_1\" value=\"\"  placeholder='Name(n)*'\/><\/p><p class='  first_form  form_element form_fullwidth' id='element_avia_3_1'><label for=\"avia_3_1\">Firma, Institution<\/label> <input name=\"avia_3_1\" class=\"text_input \" type=\"text\" id=\"avia_3_1\" value=\"\"  placeholder='Firma, Institution'\/><\/p><p class='  first_form  form_element form_fullwidth' id='element_avia_4_1'><label for=\"avia_4_1\">E-Mail <abbr class=\"required\" title=\"ben\u00f6tigt\">*<\/abbr><\/label> <input name=\"avia_4_1\" class=\"text_input is_email\" type=\"text\" id=\"avia_4_1\" value=\"\"  placeholder='E-Mail*'\/><\/p><p id='element_avia_5_1' class=' first_form  form_element form_fullwidth av-form-empty-line '> <\/p><h3 id='element_avia_6_1' class=' first_form  form_element form_fullwidth av-form-headline '>Neue Adresse<\/h3><p class='  first_form  form_element form_element_half' id='element_avia_7_1'><label for=\"avia_7_1\">Strasse und Hausnummer<\/label> <input name=\"avia_7_1\" class=\"text_input \" type=\"text\" id=\"avia_7_1\" value=\"\"  placeholder='Strasse und Hausnummer'\/><\/p><p class='  form_element form_element_half' id='element_avia_8_1'><label for=\"avia_8_1\">PLZ Ort<\/label> <input name=\"avia_8_1\" class=\"text_input \" type=\"text\" id=\"avia_8_1\" value=\"\"  placeholder='PLZ Ort'\/><\/p><p class='  first_form  form_element form_element_half' id='element_avia_9_1'><label for=\"avia_9_1\">Telefon<\/label> <input name=\"avia_9_1\" class=\"text_input \" type=\"text\" id=\"avia_9_1\" value=\"\"  placeholder='Telefon'\/><\/p><p class='  form_element form_element_half' id='element_avia_10_1'><label for=\"avia_10_1\">Mobile<\/label> <input name=\"avia_10_1\" class=\"text_input \" type=\"text\" id=\"avia_10_1\" value=\"\"  placeholder='Mobile'\/><\/p><p id='element_avia_11_1' class=' first_form  form_element form_fullwidth av-form-empty-line '> <\/p><h3 id='element_avia_12_1' class=' first_form  form_element form_fullwidth av-form-headline '>Bisher<\/h3><p class='  first_form  form_element form_element_half' id='element_avia_13_1'><label for=\"avia_13_1\">Strasse und Hausnummer<\/label> <input name=\"avia_13_1\" class=\"text_input \" type=\"text\" id=\"avia_13_1\" value=\"\"  placeholder='Strasse und Hausnummer'\/><\/p><p class='  form_element form_element_half' id='element_avia_14_1'><label for=\"avia_14_1\">PLZ Ort<\/label> <input name=\"avia_14_1\" class=\"text_input \" type=\"text\" id=\"avia_14_1\" value=\"\"  placeholder='PLZ Ort'\/><\/p><p class='  first_form  form_element form_element_half' id='element_avia_15_1'><label for=\"avia_15_1\">Telefon<\/label> <input name=\"avia_15_1\" class=\"text_input \" type=\"text\" id=\"avia_15_1\" value=\"\"  placeholder='Telefon'\/><\/p><p class='  form_element form_element_half' id='element_avia_16_1'><label for=\"avia_16_1\">Mobile<\/label> <input name=\"avia_16_1\" class=\"text_input \" type=\"text\" id=\"avia_16_1\" value=\"\"  placeholder='Mobile'\/><\/p><p class=\"hidden\"><input type=\"text\" name=\"avia_17_1\" class=\"hidden \" id=\"avia_17_1\" value=\"\" \/><\/p><p class=' hidden hideany first_form  form_element form_fullwidth' id='element_avia_18_1'><label for=\"avia_18_1\">Your Name <abbr class=\"required\" title=\"ben\u00f6tigt\">*<\/abbr><\/label> <input name=\"avia_18_1\" class=\"text_input must_empty\" type=\"text\" id=\"avia_18_1\" value=\"\"  placeholder='Your Name*'\/><\/p><p class=\"form_element \"><input type=\"hidden\" value=\"1\" name=\"avia_generated_form1\" \/><input type=\"submit\" value=\"senden\" class=\"button\"  data-sending-label=\"Sende\"\/><\/p><\/fieldset><\/form><div id=\"ajaxresponse_1\" class=\"ajaxresponse ajaxresponse_1 hidden\"><\/div><\/p><\/div>\n<style type=\"text\/css\" data-created_by=\"avia_inline_auto\" id=\"style-css-av-ag6la-8209fd59e0b2168db4a2d47ae33bbe4a\">\n.flex_column.av-ag6la-8209fd59e0b2168db4a2d47ae33bbe4a{\nborder-radius:0px 0px 0px 0px;\npadding:0px 0px 0px 0px;\n}\n<\/style>\n<div  class='flex_column av-ag6la-8209fd59e0b2168db4a2d47ae33bbe4a av_one_full  avia-builder-el-5  el_after_av_two_third  el_before_av_hr  first flex_column_div av-zero-column-padding  column-top-margin'     ><\/div><\/p>\n<div  class='hr av-eisc-6d8fa42f7fe8069a3e9497753d1e2138 hr-default  avia-builder-el-6  el_after_av_one_full  avia-builder-el-last '><span class='hr-inner '><span class=\"hr-inner-style\"><\/span><\/span><\/div>\n","protected":false},"excerpt":{"rendered":"","protected":false},"author":7,"featured_media":0,"parent":0,"menu_order":0,"comment_status":"closed","ping_status":"closed","template":"","meta":{"footnotes":""},"class_list":["post-2715","page","type-page","status-publish","hentry"],"yoast_head":"<!-- This site is optimized with the Yoast SEO plugin v27.4 - https:\/\/yoast.com\/product\/yoast-seo-wordpress\/ -->\n<title>Mutationen - sgti<\/title>\n<meta name=\"description\" content=\"Lust auf Industriekultur? Die SGTI freut sich \u00fcber neue Mitglieder mit einem Faible f\u00fcr die faszinierende Welt der industriellen St\u00e4tten.\" \/>\n<meta name=\"robots\" content=\"index, follow, max-snippet:-1, max-image-preview:large, max-video-preview:-1\" \/>\n<link rel=\"canonical\" href=\"https:\/\/sgti.ch\/site\/mutationen\/\" \/>\n<meta property=\"og:locale\" content=\"de_DE\" \/>\n<meta property=\"og:type\" content=\"article\" \/>\n<meta property=\"og:title\" content=\"Mutationen - sgti\" \/>\n<meta property=\"og:description\" content=\"Lust auf Industriekultur? Die SGTI freut sich \u00fcber neue Mitglieder mit einem Faible f\u00fcr die faszinierende Welt der industriellen St\u00e4tten.\" \/>\n<meta property=\"og:url\" content=\"https:\/\/sgti.ch\/site\/mutationen\/\" \/>\n<meta property=\"og:site_name\" content=\"sgti\" \/>\n<meta property=\"article:publisher\" content=\"https:\/\/de-de.facebook.com\/Industriekultur.Schweiz\/\" \/>\n<meta property=\"article:modified_time\" content=\"2025-12-11T16:26:05+00:00\" \/>\n<meta name=\"twitter:card\" content=\"summary_large_image\" \/>\n<meta name=\"twitter:label1\" content=\"Gesch\u00e4tzte Lesezeit\" \/>\n\t<meta name=\"twitter:data1\" content=\"1\u00a0Minute\" \/>\n<script type=\"application\/ld+json\" class=\"yoast-schema-graph\">{\"@context\":\"https:\\\/\\\/schema.org\",\"@graph\":[{\"@type\":\"WebPage\",\"@id\":\"https:\\\/\\\/sgti.ch\\\/site\\\/mutationen\\\/\",\"url\":\"https:\\\/\\\/sgti.ch\\\/site\\\/mutationen\\\/\",\"name\":\"Mutationen - sgti\",\"isPartOf\":{\"@id\":\"https:\\\/\\\/sgti.ch\\\/site\\\/#website\"},\"datePublished\":\"2025-03-22T15:26:35+00:00\",\"dateModified\":\"2025-12-11T16:26:05+00:00\",\"description\":\"Lust auf Industriekultur? Die SGTI freut sich \u00fcber neue Mitglieder mit einem Faible f\u00fcr die faszinierende Welt der industriellen St\u00e4tten.\",\"breadcrumb\":{\"@id\":\"https:\\\/\\\/sgti.ch\\\/site\\\/mutationen\\\/#breadcrumb\"},\"inLanguage\":\"de-CH\",\"potentialAction\":[{\"@type\":\"ReadAction\",\"target\":[\"https:\\\/\\\/sgti.ch\\\/site\\\/mutationen\\\/\"]}]},{\"@type\":\"BreadcrumbList\",\"@id\":\"https:\\\/\\\/sgti.ch\\\/site\\\/mutationen\\\/#breadcrumb\",\"itemListElement\":[{\"@type\":\"ListItem\",\"position\":1,\"name\":\"Home\",\"item\":\"https:\\\/\\\/sgti.ch\\\/site\\\/\"},{\"@type\":\"ListItem\",\"position\":2,\"name\":\"Mutationen\"}]},{\"@type\":\"WebSite\",\"@id\":\"https:\\\/\\\/sgti.ch\\\/site\\\/#website\",\"url\":\"https:\\\/\\\/sgti.ch\\\/site\\\/\",\"name\":\"sgti\",\"description\":\"Schweizerische Gesellschaft f\u00fcr Technik und Industriekultur\",\"publisher\":{\"@id\":\"https:\\\/\\\/sgti.ch\\\/site\\\/#organization\"},\"potentialAction\":[{\"@type\":\"SearchAction\",\"target\":{\"@type\":\"EntryPoint\",\"urlTemplate\":\"https:\\\/\\\/sgti.ch\\\/site\\\/?s={search_term_string}\"},\"query-input\":{\"@type\":\"PropertyValueSpecification\",\"valueRequired\":true,\"valueName\":\"search_term_string\"}}],\"inLanguage\":\"de-CH\"},{\"@type\":\"Organization\",\"@id\":\"https:\\\/\\\/sgti.ch\\\/site\\\/#organization\",\"name\":\"SGTI - Schweizerische Gesellschaft f\u00fcr Technikgeschichte und Industriekultur\",\"url\":\"https:\\\/\\\/sgti.ch\\\/site\\\/\",\"logo\":{\"@type\":\"ImageObject\",\"inLanguage\":\"de-CH\",\"@id\":\"https:\\\/\\\/sgti.ch\\\/site\\\/#\\\/schema\\\/logo\\\/image\\\/\",\"url\":\"https:\\\/\\\/sgti.ch\\\/site\\\/wp-content\\\/uploads\\\/2019\\\/02\\\/Favicon.png\",\"contentUrl\":\"https:\\\/\\\/sgti.ch\\\/site\\\/wp-content\\\/uploads\\\/2019\\\/02\\\/Favicon.png\",\"width\":391,\"height\":391,\"caption\":\"SGTI - Schweizerische Gesellschaft f\u00fcr Technikgeschichte und Industriekultur\"},\"image\":{\"@id\":\"https:\\\/\\\/sgti.ch\\\/site\\\/#\\\/schema\\\/logo\\\/image\\\/\"},\"sameAs\":[\"https:\\\/\\\/de-de.facebook.com\\\/Industriekultur.Schweiz\\\/\"]}]}<\/script>\n<!-- \/ Yoast SEO plugin. -->","yoast_head_json":{"title":"Mutationen - sgti","description":"Lust auf Industriekultur? Die SGTI freut sich \u00fcber neue Mitglieder mit einem Faible f\u00fcr die faszinierende Welt der industriellen St\u00e4tten.","robots":{"index":"index","follow":"follow","max-snippet":"max-snippet:-1","max-image-preview":"max-image-preview:large","max-video-preview":"max-video-preview:-1"},"canonical":"https:\/\/sgti.ch\/site\/mutationen\/","og_locale":"de_DE","og_type":"article","og_title":"Mutationen - sgti","og_description":"Lust auf Industriekultur? Die SGTI freut sich \u00fcber neue Mitglieder mit einem Faible f\u00fcr die faszinierende Welt der industriellen St\u00e4tten.","og_url":"https:\/\/sgti.ch\/site\/mutationen\/","og_site_name":"sgti","article_publisher":"https:\/\/de-de.facebook.com\/Industriekultur.Schweiz\/","article_modified_time":"2025-12-11T16:26:05+00:00","twitter_card":"summary_large_image","twitter_misc":{"Gesch\u00e4tzte Lesezeit":"1\u00a0Minute"},"schema":{"@context":"https:\/\/schema.org","@graph":[{"@type":"WebPage","@id":"https:\/\/sgti.ch\/site\/mutationen\/","url":"https:\/\/sgti.ch\/site\/mutationen\/","name":"Mutationen - sgti","isPartOf":{"@id":"https:\/\/sgti.ch\/site\/#website"},"datePublished":"2025-03-22T15:26:35+00:00","dateModified":"2025-12-11T16:26:05+00:00","description":"Lust auf Industriekultur? Die SGTI freut sich \u00fcber neue Mitglieder mit einem Faible f\u00fcr die faszinierende Welt der industriellen St\u00e4tten.","breadcrumb":{"@id":"https:\/\/sgti.ch\/site\/mutationen\/#breadcrumb"},"inLanguage":"de-CH","potentialAction":[{"@type":"ReadAction","target":["https:\/\/sgti.ch\/site\/mutationen\/"]}]},{"@type":"BreadcrumbList","@id":"https:\/\/sgti.ch\/site\/mutationen\/#breadcrumb","itemListElement":[{"@type":"ListItem","position":1,"name":"Home","item":"https:\/\/sgti.ch\/site\/"},{"@type":"ListItem","position":2,"name":"Mutationen"}]},{"@type":"WebSite","@id":"https:\/\/sgti.ch\/site\/#website","url":"https:\/\/sgti.ch\/site\/","name":"sgti","description":"Schweizerische Gesellschaft f\u00fcr Technik und Industriekultur","publisher":{"@id":"https:\/\/sgti.ch\/site\/#organization"},"potentialAction":[{"@type":"SearchAction","target":{"@type":"EntryPoint","urlTemplate":"https:\/\/sgti.ch\/site\/?s={search_term_string}"},"query-input":{"@type":"PropertyValueSpecification","valueRequired":true,"valueName":"search_term_string"}}],"inLanguage":"de-CH"},{"@type":"Organization","@id":"https:\/\/sgti.ch\/site\/#organization","name":"SGTI - Schweizerische Gesellschaft f\u00fcr Technikgeschichte und Industriekultur","url":"https:\/\/sgti.ch\/site\/","logo":{"@type":"ImageObject","inLanguage":"de-CH","@id":"https:\/\/sgti.ch\/site\/#\/schema\/logo\/image\/","url":"https:\/\/sgti.ch\/site\/wp-content\/uploads\/2019\/02\/Favicon.png","contentUrl":"https:\/\/sgti.ch\/site\/wp-content\/uploads\/2019\/02\/Favicon.png","width":391,"height":391,"caption":"SGTI - Schweizerische Gesellschaft f\u00fcr Technikgeschichte und Industriekultur"},"image":{"@id":"https:\/\/sgti.ch\/site\/#\/schema\/logo\/image\/"},"sameAs":["https:\/\/de-de.facebook.com\/Industriekultur.Schweiz\/"]}]}},"_links":{"self":[{"href":"https:\/\/sgti.ch\/site\/wp-json\/wp\/v2\/pages\/2715","targetHints":{"allow":["GET"]}}],"collection":[{"href":"https:\/\/sgti.ch\/site\/wp-json\/wp\/v2\/pages"}],"about":[{"href":"https:\/\/sgti.ch\/site\/wp-json\/wp\/v2\/types\/page"}],"author":[{"embeddable":true,"href":"https:\/\/sgti.ch\/site\/wp-json\/wp\/v2\/users\/7"}],"replies":[{"embeddable":true,"href":"https:\/\/sgti.ch\/site\/wp-json\/wp\/v2\/comments?post=2715"}],"version-history":[{"count":5,"href":"https:\/\/sgti.ch\/site\/wp-json\/wp\/v2\/pages\/2715\/revisions"}],"predecessor-version":[{"id":3072,"href":"https:\/\/sgti.ch\/site\/wp-json\/wp\/v2\/pages\/2715\/revisions\/3072"}],"wp:attachment":[{"href":"https:\/\/sgti.ch\/site\/wp-json\/wp\/v2\/media?parent=2715"}],"curies":[{"name":"wp","href":"https:\/\/api.w.org\/{rel}","templated":true}]}}