{"id":198,"date":"2019-02-20T14:59:55","date_gmt":"2019-02-20T13:59:55","guid":{"rendered":"https:\/\/sgti.ch.volta.ch-meta.net\/site\/?page_id=198"},"modified":"2025-12-11T14:53:11","modified_gmt":"2025-12-11T13:53:11","slug":"mitgliedschaft-sgti","status":"publish","type":"page","link":"https:\/\/sgti.ch\/site\/mitgliedschaft-sgti\/","title":{"rendered":"Mitgliedschaft"},"content":{"rendered":"<div class='flex_column_table av-apdly-67d89bc753e412bfb1837cb7e6b0fd5d sc-av_one_full av-equal-height-column-flextable'>\n<style type=\"text\/css\" data-created_by=\"avia_inline_auto\" id=\"style-css-av-apdly-67d89bc753e412bfb1837cb7e6b0fd5d\">\n.flex_column.av-apdly-67d89bc753e412bfb1837cb7e6b0fd5d{\nborder-radius:0px 0px 0px 0px;\npadding:0px 0px 0px 0px;\n}\n<\/style>\n<div  class='flex_column av-apdly-67d89bc753e412bfb1837cb7e6b0fd5d av_one_full  avia-builder-el-0  el_before_av_one_full  avia-builder-el-first  first flex_column_table_cell av-equal-height-column av-align-top av-zero-column-padding  '     ><style type=\"text\/css\" data-created_by=\"avia_inline_auto\" id=\"style-css-av-lzwmbx6k-cfc243d4ce23118d255af4fb495b4c75\">\n@keyframes av_boxShadowEffect_av-lzwmbx6k-cfc243d4ce23118d255af4fb495b4c75 {\n0%   { box-shadow:  0 0 0 0 ; opacity: 1; }\n100% { box-shadow:  0 0 10px 0 ; opacity: 1; }\n}\n.avia-image-container.av-lzwmbx6k-cfc243d4ce23118d255af4fb495b4c75 img.avia_image{\nbox-shadow: 0 0 10px 0 ;\n}\n.avia-image-container.av-lzwmbx6k-cfc243d4ce23118d255af4fb495b4c75 .av-image-caption-overlay-center{\ncolor:#ffffff;\n}\n<\/style>\n<div  class='avia-image-container av-lzwmbx6k-cfc243d4ce23118d255af4fb495b4c75 av-styling- avia-align-center  avia-builder-el-1  avia-builder-el-no-sibling  av-img-box-shadow av-box-shadow-not-animated'   itemprop=\"image\" itemscope=\"itemscope\" itemtype=\"https:\/\/schema.org\/ImageObject\" ><div class=\"avia-image-container-inner\"><div class=\"avia-image-overlay-wrap\"><img decoding=\"async\" fetchpriority=\"high\" class='wp-image-2412 avia-img-lazy-loading-not-2412 avia_image shadow-not-animated' src=\"https:\/\/sgti.ch\/site\/wp-content\/uploads\/2024\/08\/SGTI_A5-Karte_back-1536x1086.jpg\" alt='' title='SGTI_A5-Karte_back'  height=\"1086\" width=\"1536\"  itemprop=\"thumbnailUrl\" srcset=\"https:\/\/sgti.ch\/site\/wp-content\/uploads\/2024\/08\/SGTI_A5-Karte_back-1536x1086.jpg 1536w, https:\/\/sgti.ch\/site\/wp-content\/uploads\/2024\/08\/SGTI_A5-Karte_back-300x212.jpg 300w, https:\/\/sgti.ch\/site\/wp-content\/uploads\/2024\/08\/SGTI_A5-Karte_back-768x543.jpg 768w, https:\/\/sgti.ch\/site\/wp-content\/uploads\/2024\/08\/SGTI_A5-Karte_back-2048x1448.jpg 2048w, https:\/\/sgti.ch\/site\/wp-content\/uploads\/2024\/08\/SGTI_A5-Karte_back-1500x1061.jpg 1500w, https:\/\/sgti.ch\/site\/wp-content\/uploads\/2024\/08\/SGTI_A5-Karte_back-260x185.jpg 260w, https:\/\/sgti.ch\/site\/wp-content\/uploads\/2024\/08\/SGTI_A5-Karte_back-705x498.jpg 705w\" sizes=\"(max-width: 1536px) 100vw, 1536px\" \/><\/div><\/div><\/div><\/div><\/div><!--close column table wrapper. Autoclose: 1 -->\n\n<style type=\"text\/css\" data-created_by=\"avia_inline_auto\" id=\"style-css-av-a0dx2-5f4b9094457464685b4fb04711734553\">\n.flex_column.av-a0dx2-5f4b9094457464685b4fb04711734553{\nborder-radius:0px 0px 0px 0px;\npadding:0px 0px 0px 0px;\n}\n<\/style>\n<div  class='flex_column av-a0dx2-5f4b9094457464685b4fb04711734553 av_one_full  avia-builder-el-2  el_after_av_one_full  el_before_av_one_third  first flex_column_div av-zero-column-padding  column-top-margin'     ><\/div>\n\n<style type=\"text\/css\" data-created_by=\"avia_inline_auto\" id=\"style-css-av-1brae-d63a7b1d289099365f6b133e836db685\">\n.flex_column.av-1brae-d63a7b1d289099365f6b133e836db685{\nborder-radius:0px 0px 0px 0px;\npadding:0px 0px 0px 0px;\n}\n<\/style>\n<div  class='flex_column av-1brae-d63a7b1d289099365f6b133e836db685 av_one_third  avia-builder-el-3  el_after_av_one_full  el_before_av_two_third  first flex_column_div av-zero-column-padding  column-top-margin'     ><style type=\"text\/css\" data-created_by=\"avia_inline_auto\" id=\"style-css-av-lzwp5q4z-40427ff8340b4cbef7eb1d0e443c7ae3\">\n.avia-image-container.av-lzwp5q4z-40427ff8340b4cbef7eb1d0e443c7ae3 img.avia_image{\nbox-shadow:none;\n}\n.avia-image-container.av-lzwp5q4z-40427ff8340b4cbef7eb1d0e443c7ae3 .av-image-caption-overlay-center{\ncolor:#ffffff;\n}\n<\/style>\n<div  class='avia-image-container av-lzwp5q4z-40427ff8340b4cbef7eb1d0e443c7ae3 av-styling- av-hover-grow av-hide-overflow avia-align-center  avia-builder-el-4  avia-builder-el-no-sibling  av-has-copyright av-copyright-icon-reveal'   itemprop=\"image\" itemscope=\"itemscope\" itemtype=\"https:\/\/schema.org\/ImageObject\" ><div class=\"avia-image-container-inner\"><div class=\"avia-image-overlay-wrap\"><img decoding=\"async\" fetchpriority=\"high\" class='wp-image-2418 avia-img-lazy-loading-not-2418 avia_image ' src=\"https:\/\/sgti.ch\/site\/wp-content\/uploads\/2024\/08\/SGTI_A5-Karte-quadrat_SW-300x300.jpg\" alt='' title='SGTI_A5-Karte-quadrat_SW'  height=\"300\" width=\"300\"  itemprop=\"thumbnailUrl\" srcset=\"https:\/\/sgti.ch\/site\/wp-content\/uploads\/2024\/08\/SGTI_A5-Karte-quadrat_SW-300x300.jpg 300w, https:\/\/sgti.ch\/site\/wp-content\/uploads\/2024\/08\/SGTI_A5-Karte-quadrat_SW-80x80.jpg 80w, https:\/\/sgti.ch\/site\/wp-content\/uploads\/2024\/08\/SGTI_A5-Karte-quadrat_SW-36x36.jpg 36w, https:\/\/sgti.ch\/site\/wp-content\/uploads\/2024\/08\/SGTI_A5-Karte-quadrat_SW-180x180.jpg 180w, https:\/\/sgti.ch\/site\/wp-content\/uploads\/2024\/08\/SGTI_A5-Karte-quadrat_SW.jpg 565w\" sizes=\"(max-width: 300px) 100vw, 300px\" \/><\/div><small class=\"avia-copyright\">Foto: Tonatiuh Ambrosetti<span class='avia-svg-icon avia-font-svg_entypo-fontello' data-av_svg_icon='info' data-av_iconset='svg_entypo-fontello'><svg version=\"1.1\" xmlns=\"http:\/\/www.w3.org\/2000\/svg\" width=\"15\" height=\"32\" viewBox=\"0 0 15 32\" preserveAspectRatio=\"xMidYMid meet\" aria-labelledby='av-svg-title-1' aria-describedby='av-svg-desc-1' role=\"graphics-symbol\">\n<title id='av-svg-title-1'>Info<\/title>\n<desc id='av-svg-desc-1'>Info<\/desc>\n<path d=\"M11.264 0q1.536 0 2.368 0.864t0.832 2.208q0 1.6-1.248 2.816t-3.040 1.216q-1.536 0-2.368-0.832t-0.768-2.304q0-1.472 1.12-2.72t3.104-1.248zM4.672 32q-3.2 0-1.728-5.696l1.92-8.128q0.448-1.792 0-1.792-0.384 0-1.728 0.576t-2.304 1.216l-0.832-1.408q2.88-2.496 6.048-4.032t4.832-1.536q2.496 0 1.152 5.184l-2.24 8.512q-0.512 2.048 0.192 2.048 1.408 0 3.776-1.92l0.96 1.28q-2.688 2.752-5.6 4.224t-4.448 1.472z\"><\/path>\n<\/svg><\/span><\/small><\/div><\/div><\/div>\n\n<style type=\"text\/css\" data-created_by=\"avia_inline_auto\" id=\"style-css-av-fo4o-24c701ca5bc9f90862e28fc01d877a0b\">\n.flex_column.av-fo4o-24c701ca5bc9f90862e28fc01d877a0b{\nborder-radius:0px 0px 0px 0px;\npadding:0px 0px 0px 0px;\n}\n<\/style>\n<div  class='flex_column av-fo4o-24c701ca5bc9f90862e28fc01d877a0b av_two_third  avia-builder-el-5  el_after_av_one_third  el_before_av_one_full  flex_column_div av-zero-column-padding  column-top-margin'     ><section  class='av_textblock_section av-jrs00p62-2b6a01338f3d53784af4bd1b04deaf97 '   itemscope=\"itemscope\" itemtype=\"https:\/\/schema.org\/CreativeWork\" ><div class='avia_textblock'  itemprop=\"text\" ><h2><strong>Werden Sie Mitglied<\/strong><\/h2>\n<p>Sie unterst\u00fctzen Sie die Aktivit\u00e4ten der SGTI mit dem Ziel, sch\u00fctzenswerte Industriekulturg\u00fcter f\u00fcr die kommenden Generationen zu erhalten und das Bewusstsein der Bedeutung von Technikgeschichte und Industriekultur in der Schweiz zu f\u00f6rdern!<\/p>\n<p>Mit unserem Bulletin <a href=\"https:\/\/sgti.ch\/site\/bulletin\/\">IN.KU<\/a> erhalten Sie zweimal im Jahr Informationen zu ausgew\u00e4hlten Objekten in der Schweiz. Viermal j\u00e4hrlich liefert Ihnen das internationale Magazin f\u00fcr Denkmalpflege, Landschaft, Sozial-, Umwelt- und Technikgeschichte <a href=\"https:\/\/klartext-verlag.de\/buecher\/zeitschriften\/industriekultur\" target=\"_blank\" rel=\"noopener\">Industriekultur<\/a> attraktive Reportagen und Hintergrundberichte.<\/p>\n<p>Der j\u00e4hrliche Beitrag betr\u00e4gt f\u00fcr Einzelmitglieder und Institutionen CHF\u00a070.\u2013,\u00a0f\u00fcr Paare im gleichen Haushalt CHF\u00a0105.\u2013 und\u00a0f\u00fcr Mitglieder auf Lebenszeit einmalig CHF\u00a01&#8217;750.\u2013.<\/p>\n<\/div><\/section><\/div>\n\n<style type=\"text\/css\" data-created_by=\"avia_inline_auto\" id=\"style-css-av-ag6la-8209fd59e0b2168db4a2d47ae33bbe4a\">\n.flex_column.av-ag6la-8209fd59e0b2168db4a2d47ae33bbe4a{\nborder-radius:0px 0px 0px 0px;\npadding:0px 0px 0px 0px;\n}\n<\/style>\n<div  class='flex_column av-ag6la-8209fd59e0b2168db4a2d47ae33bbe4a av_one_full  avia-builder-el-7  el_after_av_two_third  el_before_av_one_third  first flex_column_div av-zero-column-padding  column-top-margin'     ><\/div>\n\n<style type=\"text\/css\" data-created_by=\"avia_inline_auto\" id=\"style-css-av-a9je6-9f8671e11b97d58b47c2e32b8b34b024\">\n.flex_column.av-a9je6-9f8671e11b97d58b47c2e32b8b34b024{\nborder-radius:0px 0px 0px 0px;\npadding:0px 0px 0px 0px;\n}\n<\/style>\n<div  class='flex_column av-a9je6-9f8671e11b97d58b47c2e32b8b34b024 av_one_third  avia-builder-el-8  el_after_av_one_full  el_before_av_two_third  first flex_column_div av-zero-column-padding  column-top-margin'     ><style type=\"text\/css\" data-created_by=\"avia_inline_auto\" id=\"style-css-av-lzwp6cme-11570d3879bbe94b09ec6130013e692c\">\n.avia-image-container.av-lzwp6cme-11570d3879bbe94b09ec6130013e692c img.avia_image{\nbox-shadow:none;\n}\n.avia-image-container.av-lzwp6cme-11570d3879bbe94b09ec6130013e692c .av-image-caption-overlay-center{\ncolor:#ffffff;\n}\n<\/style>\n<div  class='avia-image-container av-lzwp6cme-11570d3879bbe94b09ec6130013e692c av-styling- av-hover-grow av-hide-overflow avia-align-center  avia-builder-el-9  avia-builder-el-no-sibling  av-has-copyright av-copyright-icon-reveal'   itemprop=\"image\" itemscope=\"itemscope\" itemtype=\"https:\/\/schema.org\/ImageObject\" ><div class=\"avia-image-container-inner\"><div class=\"avia-image-overlay-wrap\"><img decoding=\"async\" fetchpriority=\"high\" class='wp-image-2420 avia-img-lazy-loading-not-2420 avia_image ' src=\"https:\/\/sgti.ch\/site\/wp-content\/uploads\/2024\/08\/SGTI_A5-Karte2-quadrat_SW-300x300.jpg\" alt='' title='SGTI_A5-Karte2-quadrat_SW'  height=\"300\" width=\"300\"  itemprop=\"thumbnailUrl\" srcset=\"https:\/\/sgti.ch\/site\/wp-content\/uploads\/2024\/08\/SGTI_A5-Karte2-quadrat_SW-300x300.jpg 300w, https:\/\/sgti.ch\/site\/wp-content\/uploads\/2024\/08\/SGTI_A5-Karte2-quadrat_SW-80x80.jpg 80w, https:\/\/sgti.ch\/site\/wp-content\/uploads\/2024\/08\/SGTI_A5-Karte2-quadrat_SW-768x768.jpg 768w, https:\/\/sgti.ch\/site\/wp-content\/uploads\/2024\/08\/SGTI_A5-Karte2-quadrat_SW-36x36.jpg 36w, https:\/\/sgti.ch\/site\/wp-content\/uploads\/2024\/08\/SGTI_A5-Karte2-quadrat_SW-180x180.jpg 180w, https:\/\/sgti.ch\/site\/wp-content\/uploads\/2024\/08\/SGTI_A5-Karte2-quadrat_SW-705x705.jpg 705w, https:\/\/sgti.ch\/site\/wp-content\/uploads\/2024\/08\/SGTI_A5-Karte2-quadrat_SW.jpg 1000w\" sizes=\"(max-width: 300px) 100vw, 300px\" \/><\/div><small class=\"avia-copyright\">Foto: Tonatiuh Ambrosetti<span class='avia-svg-icon avia-font-svg_entypo-fontello' data-av_svg_icon='info' data-av_iconset='svg_entypo-fontello'><svg version=\"1.1\" xmlns=\"http:\/\/www.w3.org\/2000\/svg\" width=\"15\" height=\"32\" viewBox=\"0 0 15 32\" preserveAspectRatio=\"xMidYMid meet\" aria-labelledby='av-svg-title-2' aria-describedby='av-svg-desc-2' role=\"graphics-symbol\">\n<title id='av-svg-title-2'>Info<\/title>\n<desc id='av-svg-desc-2'>Info<\/desc>\n<path d=\"M11.264 0q1.536 0 2.368 0.864t0.832 2.208q0 1.6-1.248 2.816t-3.040 1.216q-1.536 0-2.368-0.832t-0.768-2.304q0-1.472 1.12-2.72t3.104-1.248zM4.672 32q-3.2 0-1.728-5.696l1.92-8.128q0.448-1.792 0-1.792-0.384 0-1.728 0.576t-2.304 1.216l-0.832-1.408q2.88-2.496 6.048-4.032t4.832-1.536q2.496 0 1.152 5.184l-2.24 8.512q-0.512 2.048 0.192 2.048 1.408 0 3.776-1.92l0.96 1.28q-2.688 2.752-5.6 4.224t-4.448 1.472z\"><\/path>\n<\/svg><\/span><\/small><\/div><\/div><\/div>\n\n<style type=\"text\/css\" data-created_by=\"avia_inline_auto\" id=\"style-css-av-c8c06-a24f96ba0b89fa0820151afa62121283\">\n.flex_column.av-c8c06-a24f96ba0b89fa0820151afa62121283{\nborder-radius:0px 0px 0px 0px;\npadding:0px 0px 0px 0px;\n}\n<\/style>\n<div  class='flex_column av-c8c06-a24f96ba0b89fa0820151afa62121283 av_two_third  avia-builder-el-10  el_after_av_one_third  el_before_av_hr  flex_column_div av-zero-column-padding  column-top-margin'     ><form action=\"https:\/\/sgti.ch\/site\/mitgliedschaft-sgti\/\" method=\"post\" data-fields-with-error=\"Fehler wurden in folgenden Feld(ern) gefunden:\" class=\"avia_ajax_form av-form-labels-hidden   avia-builder-el-11  avia-builder-el-no-sibling  av-show-form-errors  av-custom-form-color av-dark-form \" data-avia-form-id=\"1\" data-avia-redirect='' ><fieldset><p class='  first_form  form_element form_fullwidth' id='element_avia_1_1'><label for=\"avia_1_1\">Mitgliedschaft <abbr class=\"required\" title=\"ben\u00f6tigt\">*<\/abbr><\/label><select  name=\"avia_1_1\" class=\"select is_empty\" id=\"avia_1_1\"><option class=\"av-placeholder\" disabled=\"disabled\" selected=\"selected\" value=''>Mitgliedschaft*<\/option><option   value='Einzelmitgliedschaft CHF 70.\u2013'>Einzelmitgliedschaft CHF 70.\u2013<\/option><option   value='Paarmitgliedschaft CHF 105.\u2013'>Paarmitgliedschaft CHF 105.\u2013<\/option><option   value='Studierende CHF 35.-'>Studierende CHF 35.-<\/option><option   value='Mitgliedschaft auf Lebenszeit CHF 1\u2019750.-'>Mitgliedschaft auf Lebenszeit CHF 1\u2019750.-<\/option><\/select><\/p><p class='  first_form  form_element form_element_half' id='element_avia_2_1'><label for=\"avia_2_1\">Vorname(n) <abbr class=\"required\" title=\"ben\u00f6tigt\">*<\/abbr><\/label> <input name=\"avia_2_1\" class=\"text_input is_empty\" type=\"text\" id=\"avia_2_1\" value=\"\"  placeholder='Vorname(n)*'\/><\/p><p class='  form_element form_element_half' id='element_avia_3_1'><label for=\"avia_3_1\">Name(n) <abbr class=\"required\" title=\"ben\u00f6tigt\">*<\/abbr><\/label> <input name=\"avia_3_1\" class=\"text_input is_empty\" type=\"text\" id=\"avia_3_1\" value=\"\"  placeholder='Name(n)*'\/><\/p><p class='  first_form  form_element form_fullwidth' id='element_avia_4_1'><label for=\"avia_4_1\">Firma, Institution<\/label> <input name=\"avia_4_1\" class=\"text_input \" type=\"text\" id=\"avia_4_1\" value=\"\"  placeholder='Firma, Institution'\/><\/p><p class='  first_form  form_element form_element_half' id='element_avia_5_1'><label for=\"avia_5_1\">Strasse Nr. <abbr class=\"required\" title=\"ben\u00f6tigt\">*<\/abbr><\/label> <input name=\"avia_5_1\" class=\"text_input is_empty\" type=\"text\" id=\"avia_5_1\" value=\"\"  placeholder='Strasse Nr.*'\/><\/p><p class='  form_element form_element_half' id='element_avia_6_1'><label for=\"avia_6_1\">PLZ Ort <abbr class=\"required\" title=\"ben\u00f6tigt\">*<\/abbr><\/label> <input name=\"avia_6_1\" class=\"text_input is_empty\" type=\"text\" id=\"avia_6_1\" value=\"\"  placeholder='PLZ Ort*'\/><\/p><p class='  first_form  form_element form_element_half' id='element_avia_7_1'><label for=\"avia_7_1\">E-Mail <abbr class=\"required\" title=\"ben\u00f6tigt\">*<\/abbr><\/label> <input name=\"avia_7_1\" class=\"text_input is_email\" type=\"text\" id=\"avia_7_1\" value=\"\"  placeholder='E-Mail*'\/><\/p><p class='  form_element form_element_half' id='element_avia_8_1'><label for=\"avia_8_1\">Geburtsdatum(daten)<\/label> <input name=\"avia_8_1\" class=\"text_input \" type=\"text\" id=\"avia_8_1\" value=\"\"  placeholder='Geburtsdatum(daten)'\/><\/p><p class='  first_form  form_element form_element_half' id='element_avia_9_1'><label for=\"avia_9_1\">Telefon<\/label> <input name=\"avia_9_1\" class=\"text_input \" type=\"text\" id=\"avia_9_1\" value=\"\"  placeholder='Telefon'\/><\/p><p class='  form_element form_element_half' id='element_avia_10_1'><label for=\"avia_10_1\">Mobile<\/label> <input name=\"avia_10_1\" class=\"text_input \" type=\"text\" id=\"avia_10_1\" value=\"\"  placeholder='Mobile'\/><\/p><p class='  first_form  form_element form_element_half' id='element_avia_11_1'><input  name=\"avia_11_1\" class=\"input_checkbox \" type=\"checkbox\" id=\"avia_11_1\" value=\"true\"\/><label class=\"input_checkbox_label\" for=\"avia_11_1\">Geschenk f\u00fcr ein Jahr<\/label><\/p><p class='  form_element form_element_half' id='element_avia_12_1'><input  name=\"avia_12_1\" class=\"input_checkbox \" type=\"checkbox\" id=\"avia_12_1\" value=\"true\"\/><label class=\"input_checkbox_label\" for=\"avia_12_1\">Geschenk auf Widerruf<\/label><\/p><p class='  first_form  form_element form_fullwidth' id='element_avia_13_1'><input checked=\"checked\" name=\"avia_13_1\" class=\"input_checkbox \" type=\"checkbox\" id=\"avia_13_1\" value=\"true\"\/><label class=\"input_checkbox_label\" for=\"avia_13_1\">Anmeldeadresse und Rechnungsadresse sind identisch<\/label><\/p><div id='avia_14_1' class='av-form-text'><p>\nRechnungsadresse:<\/p>\n<\/div><p class='  first_form  form_element form_element_half' id='element_avia_15_1'><label for=\"avia_15_1\">Vorname<\/label> <input name=\"avia_15_1\" class=\"text_input \" type=\"text\" id=\"avia_15_1\" value=\"\"  placeholder='Vorname'\/><\/p><p class='  form_element form_element_half' id='element_avia_16_1'><label for=\"avia_16_1\">Name<\/label> <input name=\"avia_16_1\" class=\"text_input \" type=\"text\" id=\"avia_16_1\" value=\"\"  placeholder='Name'\/><\/p><p class='  first_form  form_element form_element_half' id='element_avia_17_1'><label for=\"avia_17_1\">Strasse Nr.<\/label> <input name=\"avia_17_1\" class=\"text_input \" type=\"text\" id=\"avia_17_1\" value=\"\"  placeholder='Strasse Nr.'\/><\/p><p class='  form_element form_element_half' id='element_avia_18_1'><label for=\"avia_18_1\">PLZ Ort<\/label> <input name=\"avia_18_1\" class=\"text_input \" type=\"text\" id=\"avia_18_1\" value=\"\"  placeholder='PLZ Ort'\/><\/p><p class=\"hidden\"><input type=\"text\" name=\"avia_19_1\" class=\"hidden \" id=\"avia_19_1\" value=\"\" \/><\/p><p class=' hidden hideany first_form  form_element form_fullwidth' id='element_avia_20_1'><label for=\"avia_20_1\">Your Name <abbr class=\"required\" title=\"ben\u00f6tigt\">*<\/abbr><\/label> <input name=\"avia_20_1\" class=\"text_input must_empty\" type=\"text\" id=\"avia_20_1\" value=\"\"  placeholder='Your Name*'\/><\/p><p class=\"form_element \"><input type=\"hidden\" value=\"1\" name=\"avia_generated_form1\" \/><input type=\"submit\" value=\"senden\" class=\"button\"  data-sending-label=\"Sende\"\/><\/p><\/fieldset><\/form><div id=\"ajaxresponse_1\" class=\"ajaxresponse ajaxresponse_1 hidden\"><\/div><\/div><div  class='hr av-eisc-6d8fa42f7fe8069a3e9497753d1e2138 hr-default  avia-builder-el-12  el_after_av_two_third  avia-builder-el-last '><span class='hr-inner '><span class=\"hr-inner-style\"><\/span><\/span><\/div><\/p>\n","protected":false},"excerpt":{"rendered":"","protected":false},"author":1,"featured_media":0,"parent":0,"menu_order":0,"comment_status":"closed","ping_status":"closed","template":"","meta":{"footnotes":""},"class_list":["post-198","page","type-page","status-publish","hentry"],"yoast_head":"<!-- This site is optimized with the Yoast SEO plugin v27.4 - https:\/\/yoast.com\/product\/yoast-seo-wordpress\/ -->\n<title>Mitgliedschaft - sgti<\/title>\n<meta name=\"description\" content=\"Lust auf Industriekultur? Die SGTI freut sich \u00fcber neue Mitglieder mit einem Faible f\u00fcr die faszinierende Welt der industriellen St\u00e4tten.\" \/>\n<meta name=\"robots\" content=\"index, follow, max-snippet:-1, max-image-preview:large, max-video-preview:-1\" \/>\n<link rel=\"canonical\" href=\"https:\/\/sgti.ch\/site\/mitgliedschaft-sgti\/\" \/>\n<meta property=\"og:locale\" content=\"de_DE\" \/>\n<meta property=\"og:type\" content=\"article\" \/>\n<meta property=\"og:title\" content=\"Mitgliedschaft - sgti\" \/>\n<meta property=\"og:description\" content=\"Lust auf Industriekultur? Die SGTI freut sich \u00fcber neue Mitglieder mit einem Faible f\u00fcr die faszinierende Welt der industriellen St\u00e4tten.\" \/>\n<meta property=\"og:url\" content=\"https:\/\/sgti.ch\/site\/mitgliedschaft-sgti\/\" \/>\n<meta property=\"og:site_name\" content=\"sgti\" \/>\n<meta property=\"article:publisher\" content=\"https:\/\/de-de.facebook.com\/Industriekultur.Schweiz\/\" \/>\n<meta property=\"article:modified_time\" content=\"2025-12-11T13:53:11+00:00\" \/>\n<meta name=\"twitter:card\" content=\"summary_large_image\" \/>\n<meta name=\"twitter:label1\" content=\"Gesch\u00e4tzte Lesezeit\" \/>\n\t<meta name=\"twitter:data1\" content=\"2\u00a0Minuten\" \/>\n<script type=\"application\/ld+json\" class=\"yoast-schema-graph\">{\"@context\":\"https:\\\/\\\/schema.org\",\"@graph\":[{\"@type\":\"WebPage\",\"@id\":\"https:\\\/\\\/sgti.ch\\\/site\\\/mitgliedschaft-sgti\\\/\",\"url\":\"https:\\\/\\\/sgti.ch\\\/site\\\/mitgliedschaft-sgti\\\/\",\"name\":\"Mitgliedschaft - sgti\",\"isPartOf\":{\"@id\":\"https:\\\/\\\/sgti.ch\\\/site\\\/#website\"},\"datePublished\":\"2019-02-20T13:59:55+00:00\",\"dateModified\":\"2025-12-11T13:53:11+00:00\",\"description\":\"Lust auf Industriekultur? Die SGTI freut sich \u00fcber neue Mitglieder mit einem Faible f\u00fcr die faszinierende Welt der industriellen St\u00e4tten.\",\"breadcrumb\":{\"@id\":\"https:\\\/\\\/sgti.ch\\\/site\\\/mitgliedschaft-sgti\\\/#breadcrumb\"},\"inLanguage\":\"de-CH\",\"potentialAction\":[{\"@type\":\"ReadAction\",\"target\":[\"https:\\\/\\\/sgti.ch\\\/site\\\/mitgliedschaft-sgti\\\/\"]}]},{\"@type\":\"BreadcrumbList\",\"@id\":\"https:\\\/\\\/sgti.ch\\\/site\\\/mitgliedschaft-sgti\\\/#breadcrumb\",\"itemListElement\":[{\"@type\":\"ListItem\",\"position\":1,\"name\":\"Home\",\"item\":\"https:\\\/\\\/sgti.ch\\\/site\\\/\"},{\"@type\":\"ListItem\",\"position\":2,\"name\":\"Mitgliedschaft\"}]},{\"@type\":\"WebSite\",\"@id\":\"https:\\\/\\\/sgti.ch\\\/site\\\/#website\",\"url\":\"https:\\\/\\\/sgti.ch\\\/site\\\/\",\"name\":\"sgti\",\"description\":\"Schweizerische Gesellschaft f\u00fcr Technik und Industriekultur\",\"publisher\":{\"@id\":\"https:\\\/\\\/sgti.ch\\\/site\\\/#organization\"},\"potentialAction\":[{\"@type\":\"SearchAction\",\"target\":{\"@type\":\"EntryPoint\",\"urlTemplate\":\"https:\\\/\\\/sgti.ch\\\/site\\\/?s={search_term_string}\"},\"query-input\":{\"@type\":\"PropertyValueSpecification\",\"valueRequired\":true,\"valueName\":\"search_term_string\"}}],\"inLanguage\":\"de-CH\"},{\"@type\":\"Organization\",\"@id\":\"https:\\\/\\\/sgti.ch\\\/site\\\/#organization\",\"name\":\"SGTI - Schweizerische Gesellschaft f\u00fcr Technikgeschichte und Industriekultur\",\"url\":\"https:\\\/\\\/sgti.ch\\\/site\\\/\",\"logo\":{\"@type\":\"ImageObject\",\"inLanguage\":\"de-CH\",\"@id\":\"https:\\\/\\\/sgti.ch\\\/site\\\/#\\\/schema\\\/logo\\\/image\\\/\",\"url\":\"https:\\\/\\\/sgti.ch\\\/site\\\/wp-content\\\/uploads\\\/2019\\\/02\\\/Favicon.png\",\"contentUrl\":\"https:\\\/\\\/sgti.ch\\\/site\\\/wp-content\\\/uploads\\\/2019\\\/02\\\/Favicon.png\",\"width\":391,\"height\":391,\"caption\":\"SGTI - Schweizerische Gesellschaft f\u00fcr Technikgeschichte und Industriekultur\"},\"image\":{\"@id\":\"https:\\\/\\\/sgti.ch\\\/site\\\/#\\\/schema\\\/logo\\\/image\\\/\"},\"sameAs\":[\"https:\\\/\\\/de-de.facebook.com\\\/Industriekultur.Schweiz\\\/\"]}]}<\/script>\n<!-- \/ Yoast SEO plugin. -->","yoast_head_json":{"title":"Mitgliedschaft - sgti","description":"Lust auf Industriekultur? Die SGTI freut sich \u00fcber neue Mitglieder mit einem Faible f\u00fcr die faszinierende Welt der industriellen St\u00e4tten.","robots":{"index":"index","follow":"follow","max-snippet":"max-snippet:-1","max-image-preview":"max-image-preview:large","max-video-preview":"max-video-preview:-1"},"canonical":"https:\/\/sgti.ch\/site\/mitgliedschaft-sgti\/","og_locale":"de_DE","og_type":"article","og_title":"Mitgliedschaft - sgti","og_description":"Lust auf Industriekultur? Die SGTI freut sich \u00fcber neue Mitglieder mit einem Faible f\u00fcr die faszinierende Welt der industriellen St\u00e4tten.","og_url":"https:\/\/sgti.ch\/site\/mitgliedschaft-sgti\/","og_site_name":"sgti","article_publisher":"https:\/\/de-de.facebook.com\/Industriekultur.Schweiz\/","article_modified_time":"2025-12-11T13:53:11+00:00","twitter_card":"summary_large_image","twitter_misc":{"Gesch\u00e4tzte Lesezeit":"2\u00a0Minuten"},"schema":{"@context":"https:\/\/schema.org","@graph":[{"@type":"WebPage","@id":"https:\/\/sgti.ch\/site\/mitgliedschaft-sgti\/","url":"https:\/\/sgti.ch\/site\/mitgliedschaft-sgti\/","name":"Mitgliedschaft - sgti","isPartOf":{"@id":"https:\/\/sgti.ch\/site\/#website"},"datePublished":"2019-02-20T13:59:55+00:00","dateModified":"2025-12-11T13:53:11+00:00","description":"Lust auf Industriekultur? Die SGTI freut sich \u00fcber neue Mitglieder mit einem Faible f\u00fcr die faszinierende Welt der industriellen St\u00e4tten.","breadcrumb":{"@id":"https:\/\/sgti.ch\/site\/mitgliedschaft-sgti\/#breadcrumb"},"inLanguage":"de-CH","potentialAction":[{"@type":"ReadAction","target":["https:\/\/sgti.ch\/site\/mitgliedschaft-sgti\/"]}]},{"@type":"BreadcrumbList","@id":"https:\/\/sgti.ch\/site\/mitgliedschaft-sgti\/#breadcrumb","itemListElement":[{"@type":"ListItem","position":1,"name":"Home","item":"https:\/\/sgti.ch\/site\/"},{"@type":"ListItem","position":2,"name":"Mitgliedschaft"}]},{"@type":"WebSite","@id":"https:\/\/sgti.ch\/site\/#website","url":"https:\/\/sgti.ch\/site\/","name":"sgti","description":"Schweizerische Gesellschaft f\u00fcr Technik und Industriekultur","publisher":{"@id":"https:\/\/sgti.ch\/site\/#organization"},"potentialAction":[{"@type":"SearchAction","target":{"@type":"EntryPoint","urlTemplate":"https:\/\/sgti.ch\/site\/?s={search_term_string}"},"query-input":{"@type":"PropertyValueSpecification","valueRequired":true,"valueName":"search_term_string"}}],"inLanguage":"de-CH"},{"@type":"Organization","@id":"https:\/\/sgti.ch\/site\/#organization","name":"SGTI - Schweizerische Gesellschaft f\u00fcr Technikgeschichte und Industriekultur","url":"https:\/\/sgti.ch\/site\/","logo":{"@type":"ImageObject","inLanguage":"de-CH","@id":"https:\/\/sgti.ch\/site\/#\/schema\/logo\/image\/","url":"https:\/\/sgti.ch\/site\/wp-content\/uploads\/2019\/02\/Favicon.png","contentUrl":"https:\/\/sgti.ch\/site\/wp-content\/uploads\/2019\/02\/Favicon.png","width":391,"height":391,"caption":"SGTI - Schweizerische Gesellschaft f\u00fcr Technikgeschichte und Industriekultur"},"image":{"@id":"https:\/\/sgti.ch\/site\/#\/schema\/logo\/image\/"},"sameAs":["https:\/\/de-de.facebook.com\/Industriekultur.Schweiz\/"]}]}},"_links":{"self":[{"href":"https:\/\/sgti.ch\/site\/wp-json\/wp\/v2\/pages\/198","targetHints":{"allow":["GET"]}}],"collection":[{"href":"https:\/\/sgti.ch\/site\/wp-json\/wp\/v2\/pages"}],"about":[{"href":"https:\/\/sgti.ch\/site\/wp-json\/wp\/v2\/types\/page"}],"author":[{"embeddable":true,"href":"https:\/\/sgti.ch\/site\/wp-json\/wp\/v2\/users\/1"}],"replies":[{"embeddable":true,"href":"https:\/\/sgti.ch\/site\/wp-json\/wp\/v2\/comments?post=198"}],"version-history":[{"count":59,"href":"https:\/\/sgti.ch\/site\/wp-json\/wp\/v2\/pages\/198\/revisions"}],"predecessor-version":[{"id":3064,"href":"https:\/\/sgti.ch\/site\/wp-json\/wp\/v2\/pages\/198\/revisions\/3064"}],"wp:attachment":[{"href":"https:\/\/sgti.ch\/site\/wp-json\/wp\/v2\/media?parent=198"}],"curies":[{"name":"wp","href":"https:\/\/api.w.org\/{rel}","templated":true}]}}